{"id":6367,"date":"2019-03-16T13:33:30","date_gmt":"2019-03-16T13:33:30","guid":{"rendered":"https:\/\/www.boatsibiza.com\/inicio\/"},"modified":"2024-01-26T15:10:44","modified_gmt":"2024-01-26T15:10:44","slug":"inicio","status":"publish","type":"page","link":"https:\/\/www.boatsibiza.com\/es\/","title":{"rendered":"Inicio"},"content":{"rendered":"<p>&lt;h2&gt;Boats Ibiza: la compa\u00f1\u00eda de alquiler de barcos y yates m\u00e1s confiable de Ibiza.&lt;\/h2&gt;<br \/>\nBoats Ibiza es su recurso n\u00famero uno en Ibiza y Formentera para el alquiler de barcos, yates y deportes acu\u00e1ticos. Hacemos que alquilar un barco o alquilar un yate en Ibiza sea simple, sencillo y de confianza para usted. De hecho, desde el momento en que se ponga en contacto con nosotros, recibir\u00e1 un servicio personalizado, la m\u00e1xima flexibilidad y los mejores precios.<\/p>\n<p>Nos establecimos en Ibiza durante 12 a\u00f1os y, a partir de 2018, somos la \u00fanica empresa de alquiler de embarcaciones en Ibiza que ha recibido el &lt;strong&gt; Certificado de Excelencia de TripAdvisor &lt;\/strong&gt; durante 5 a\u00f1os consecutivos. Esta distinci\u00f3n llev\u00f3 a la clasificaci\u00f3n de Boats Ibiza este a\u00f1o (2018) para el incre\u00edblemente prestigioso &lt;a href=\u00bbhttps:\/\/www.boatsibiza.com\/tripadvisor-hall-of-fame\/\u00bb target=\u00bb_blank\u00bb rel=\u00bbnoopener\u00bb&gt; &lt; strong&gt; Sal\u00f3n de la Fama de TripAdvisor &lt;\/strong&gt; &lt;\/a&gt;<\/p>\n<p>&lt;h2&gt;Boats Ibiza para las mejores ofertas&lt;\/h2&gt;<br \/>\nCon Boats Ibiza, encontrar\u00e1 las mejores ofertas en el mercado de alquiler de barcos en Ibiza. Solo eche un vistazo a nuestra &lt;a href = \u00ab\/our-best-price-promise-to-you\/\u00bb target = \u00ab_ blank\u00bb rel = \u00abnoopener\u00bb&gt; promesa de precio &lt;\/a&gt; y psst, \u00a1nuestras ofertas de \u00faltimo minuto son legendarias!<\/p>\n<p>En resumen, hacer de su viaje en barco en Ibiza una ocasi\u00f3n verdaderamente memorable es nuestra prioridad, ya sea medio d\u00eda o un d\u00eda completo de alquiler, un &lt;a href = \u00ab\/ sunset-cruise \/\u00bb target = \u00ab_ blank\u00bb rel = \u00abnoopener\u00bb &gt; viaje de puesta de sol &lt;\/a&gt;, un &lt;a href=\u00bb\/our-fleet\/sunseeker-predator-60ft\/\u00bb target=\u00bb_blank\u00bb rel=\u00bbnoopener\u00bb&gt; fin de semana largo o un barco por una semana &lt;\/a&gt; o &lt;a href=\u00bb\/boats\/motor-yachts\/\u00bb target=\u00bb_blank\u00bb rel=\u00bbnoopener\u00bb&gt; yate en ch\u00e1rter &lt;\/a&gt;. Sea cual sea su presupuesto, a donde quiera que vaya y lo que quiera hacer, lo haremos realidad.<br \/>\n&lt;h2&gt;Cont\u00e1ctenos&lt;\/h2&gt;<br \/>\nDesde el primer momento en que se comunique con Boats Ibiza, nuestro amable y eficiente equipo de consultas estar\u00e1 disponible para guiarlo en el proceso de selecci\u00f3n. Simplemente h\u00e1ganos saber su presupuesto y el tipo de barco, yate o el tipo de d\u00eda que est\u00e1 buscando y le daremos un presupuesto sin compromiso con nuestras mejores opciones de alquiler de barcos en Ibiza, seleccionados para usted. Una vez que haya decidido el ch\u00e1rter de barco perfecto, lo guiaremos a trav\u00e9s de nuestro sencillo proceso de reserva. \u00a1F\u00e1cil!<br \/>\n&lt;h2&gt;Las peque\u00f1as cosas importan&lt;\/h2&gt;<br \/>\nSabemos que son las peque\u00f1as cosas que hacen que Boats Ibiza se destaque del resto. Perm\u00edtanos organizar todos los detalles m\u00e1s finos de su viaje sin cargo adicional. &lt;a href=\u00bb\/ibiza-hen-parties-and-stag-dos\/\u00bb target=\u00bb_blank\u00bb rel=\u00bbnoopener\u00bb&gt; Despedidas de soltera. y soltero &lt;\/a&gt; son una especialidad al igual que &lt;a href = \u00ab\/large -groups \/ \u00abtarget =\u00bb _ blank \u00abrel =\u00bb noopener \u00ab&gt; grupos grandes y eventos &lt;\/a&gt;! \u00bfQuieres una recepci\u00f3n con champ\u00e1n? \u00bfCatering? \u00bfEntretenimiento a bordo o una reserva de restaurante de playa de Ibiza \/ Formentera? Te tenemos cubierto, solo pregunta!<br \/>\n&lt;h2&gt;Deportes acu\u00e1ticos&lt;\/h2&gt;<br \/>\n\u00bfQuieres experimentar la emoci\u00f3n del wakeboarding, el esqu\u00ed acu\u00e1tico, el flyboarding, el mono-ski o solo por diversi\u00f3n, disfrutar de nuestro donut hinchable? Nuestros expertos capitanes calificados pueden ense\u00f1arte todos estos emocionantes &lt;a href=\u00bb\/water-sports\/\u00bb target=\u00bb_blank\u00bb rel=\u00bbnoopener\u00bb&gt; deportes acu\u00e1ticos &lt;\/a&gt; utilizando equipos de alta calidad, sea cual sea tu nivel. Si bucear en las aguas ricas de una cala apartada o un naufragio es su pasi\u00f3n, Boats Ibiza puede proporcionarle todo lo esencial para una aventura submarina que nunca olvidar\u00e1.<br \/>\n&lt;h2&gt;Un D\u00eda T\u00edpico&lt;\/h2&gt;<br \/>\nNo hay tal cosa como un \u00abd\u00eda t\u00edpico\u00bb cuando reservas con Boats Ibiza. &lt;a href=\u00bb\/tailored-for-you\/\u00bb target=\u00bb_blank\u00bb rel=\u00bbnoopener\u00bb&gt; Siempre es su d\u00eda &lt;\/a&gt; y eso significa el mejor barco, ruta e itinerario hecho a medida para usted. Nuestros capitanes calificados comercialmente son verdaderos expertos locales, por lo que simplemente puede relajarse y aprovechar el enorme conocimiento de su capit\u00e1n sobre las costas de Ibiza y Formentera. Nuestros capitanes adaptar\u00e1n el d\u00eda seg\u00fan sus deseos. Perm\u00edtales complacerlos en el &lt;a href=\u00bb\/top-5-ibiza-locations-to-visit-by-boat\/\u00bb target=\u00bb_blank\u00bb rel=\u00bbnoopener\u00bb&gt; mejores bah\u00edas, playas y restaurantes del Mediterr\u00e1neo. &lt;\/a&gt;<\/p>\n<p>&lt;h2&gt;Ubicaciones ic\u00f3nicas de Ibiza&lt;\/h2&gt;<\/p>\n<p>Algunos de nuestros lugares populares incluyen almuerzos relajados en el Cala Bassa Beach Club, tardes en el s\u00faper chic Blue Marlin de Cala Jondal o mojitos frescos en el Jockey Club de Ses Salines. Otros prefieren pedir mariscos frescos y cenar con los pies en la arena en el legendario Juan Y Andrea de Formentera de &lt;a href=\u00bb\/explore-formentera\/\u00bb target=\u00bb_blank\u00bb rel=\u00bbnoopener\u00bb&gt; Formentera &lt;\/a&gt;. Conocemos todos los mejores bares y restaurantes de las islas, solo echa un vistazo a &lt;a href=\u00bb\/explore-ibiza\/\u00bb target=\u00bb_blank\u00bb rel=\u00bbnoopener\u00bb&gt; nuestra gu\u00eda &lt;\/a&gt;.<\/p>\n<p>\u00bfTal vez has so\u00f1ado con ver una puesta de sol en Ibiza en la majestuosa Es Vedra o desde una rom\u00e1ntica cala aislada con una copa de champ\u00e1n y tu persona favorita? \u00bfO tal vez salir de fiesta en su propio yate de alquiler privado frente al Caf\u00e9 Del Mar, mientras su DJ personal toca ritmos baleares? Lo que desees, te proporcionaremos el d\u00eda perfecto.<br \/>\n&lt;h2&gt; Gente famosa &lt;\/h2&gt;<br \/>\nIbiza y Formentera se han convertido en un patio de recreo popular para los ricos y famosos. Algunos de nuestros clientes m\u00e1s conocidos incluyen: Nicole Scherzinger (Pussycat Dolls), Alesha Dixon (Mis-teeq \/ Strictly Come Dancing \/ Britain&#8217;s Got Talent). Luego est\u00e1n Dizzy Rascal, James Hill (ganador de Celebrity Big Brother 2015) y Max Morely (ganador de ITV2 en Love Island 2015). Tambi\u00e9n Fearne Cotton, Abbey Clancey \/ Crouch, Ejemplo, Carl Fogarty, The Kooks, Kelly Hoppen (Dragons Den), Claxons, Laura Whitmore (MTV), Pendulum, Professor Green y Vampire Weekend. Todos los clientes de Boats Ibiza!<br \/>\n&lt;h2&gt; Ofertas especiales de \u00faltima hora &lt;\/h2&gt;<br \/>\nDisfruta de un fabuloso d\u00eda con Boats Ibiza. &lt;a href=\u00bb\/our-fleet\/rinker-sports-26ft\/\u00bb target=\u00bb_blank\u00bb rel=\u00bbnoopener\u00bb&gt; \u00a1Los viajes en bote de medio d\u00eda comienzan desde solo 445 \u20ac &lt;\/a&gt; para un grupo de 9! Eso es menos de 50 \u20ac cada uno, incluyendo combustible y bebidas ilimitadas. Asequible eh?<\/p>\n<p>\u00bf\u00a1Que estas esperando!? Para reservar su fecha perfecta le recomendamos reservar con antelaci\u00f3n. Para reservas de \u00faltima hora, podemos ofrecer una reducci\u00f3n especial en el precio, &lt;a href=\u00bb\/contact\/\u00bb target=\u00bb_blank\u00bb rel=\u00bbnoopener\u00bb&gt; preg\u00fantenos &lt;\/a&gt;!<\/p>\n","protected":false},"excerpt":{"rendered":"<p>&lt;h2&gt;Boats Ibiza: la compa\u00f1\u00eda de alquiler de barcos y yates m\u00e1s confiable de Ibiza.&lt;\/h2&gt; Boats Ibiza es su recurso n\u00famero uno en Ibiza y Formentera para el alquiler de barcos, yates y deportes acu\u00e1ticos. Hacemos que alquilar un barco o alquilar un yate en Ibiza sea simple, sencillo y de confianza para usted. De hecho,<a class=\"excerpt-read-more\" href=\"https:\/\/www.boatsibiza.com\/es\/\" title=\"LeeInicio\">&#8230; Read more &raquo;<\/a><\/p>\n","protected":false},"author":3,"featured_media":6269,"parent":0,"menu_order":42,"comment_status":"closed","ping_status":"closed","template":"template-homepage.php","meta":{"_acf_changed":false,"footnotes":""},"class_list":["post-6367","page","type-page","status-publish","has-post-thumbnail","hentry"],"acf":[],"yoast_head":"<!-- This site is optimized with the Yoast SEO plugin v27.6 - https:\/\/yoast.com\/product\/yoast-seo-wordpress\/ -->\n<title>Boats ibiza | El alquiler de barcos, yates y ch\u00e1rter m\u00e1s fiable de Ibiza.<\/title>\n<meta name=\"description\" content=\"\u00a1Descubre Ibiza y Formentera con un incre\u00edble alquiler Boats Ibiza! Alquiler de yates y alquiler de embarcaciones para adaptarse a cada estado de \u00e1nimo y presupuesto. La mejor promesa de precio. \u00a1P\u00f3ngase en contacto hoy para una cotizaci\u00f3n r\u00e1pida y sin compromiso!\" \/>\n<meta name=\"robots\" content=\"index, follow, max-snippet:-1, max-image-preview:large, max-video-preview:-1\" \/>\n<link rel=\"canonical\" href=\"https:\/\/www.boatsibiza.com\/es\/\" \/>\n<meta property=\"og:locale\" content=\"es_ES\" \/>\n<meta property=\"og:type\" content=\"article\" \/>\n<meta property=\"og:title\" content=\"Boats ibiza | El alquiler de barcos, yates y ch\u00e1rter m\u00e1s fiable de Ibiza.\" \/>\n<meta property=\"og:description\" content=\"\u00a1Descubre Ibiza y Formentera con un incre\u00edble alquiler Boats Ibiza! Alquiler de yates y alquiler de embarcaciones para adaptarse a cada estado de \u00e1nimo y presupuesto. La mejor promesa de precio. \u00a1P\u00f3ngase en contacto hoy para una cotizaci\u00f3n r\u00e1pida y sin compromiso!\" \/>\n<meta property=\"og:url\" content=\"https:\/\/www.boatsibiza.com\/es\/\" \/>\n<meta property=\"og:site_name\" content=\"Boats Ibiza\" \/>\n<meta property=\"article:publisher\" content=\"https:\/\/www.facebook.com\/Boats-Ibiza-92351586938\/\" \/>\n<meta property=\"article:modified_time\" content=\"2024-01-26T15:10:44+00:00\" \/>\n<meta property=\"og:image\" content=\"https:\/\/www.boatsibiza.com\/wp-content\/uploads\/2016\/11\/LeopardIbizaTown_1440.jpg\" \/>\n\t<meta property=\"og:image:width\" content=\"1440\" \/>\n\t<meta property=\"og:image:height\" content=\"810\" \/>\n\t<meta property=\"og:image:type\" content=\"image\/jpeg\" \/>\n<meta name=\"twitter:card\" content=\"summary_large_image\" \/>\n<meta name=\"twitter:site\" content=\"@boatsibiza\" \/>\n<meta name=\"twitter:label1\" content=\"Tiempo de lectura\" \/>\n\t<meta name=\"twitter:data1\" content=\"5 minutos\" \/>\n<script type=\"application\/ld+json\" class=\"yoast-schema-graph\">{\"@context\":\"https:\\\/\\\/schema.org\",\"@graph\":[{\"@type\":\"WebPage\",\"@id\":\"https:\\\/\\\/www.boatsibiza.com\\\/es\\\/\",\"url\":\"https:\\\/\\\/www.boatsibiza.com\\\/es\\\/\",\"name\":\"Boats ibiza | El alquiler de barcos, yates y ch\u00e1rter m\u00e1s fiable de Ibiza.\",\"isPartOf\":{\"@id\":\"https:\\\/\\\/www.boatsibiza.com\\\/#website\"},\"primaryImageOfPage\":{\"@id\":\"https:\\\/\\\/www.boatsibiza.com\\\/es\\\/#primaryimage\"},\"image\":{\"@id\":\"https:\\\/\\\/www.boatsibiza.com\\\/es\\\/#primaryimage\"},\"thumbnailUrl\":\"https:\\\/\\\/www.boatsibiza.com\\\/wp-content\\\/uploads\\\/2016\\\/11\\\/LeopardIbizaTown_1440.jpg\",\"datePublished\":\"2019-03-16T13:33:30+00:00\",\"dateModified\":\"2024-01-26T15:10:44+00:00\",\"description\":\"\u00a1Descubre Ibiza y Formentera con un incre\u00edble alquiler Boats Ibiza! Alquiler de yates y alquiler de embarcaciones para adaptarse a cada estado de \u00e1nimo y presupuesto. La mejor promesa de precio. \u00a1P\u00f3ngase en contacto hoy para una cotizaci\u00f3n r\u00e1pida y sin compromiso!\",\"breadcrumb\":{\"@id\":\"https:\\\/\\\/www.boatsibiza.com\\\/es\\\/#breadcrumb\"},\"inLanguage\":\"es\",\"potentialAction\":[{\"@type\":\"ReadAction\",\"target\":[\"https:\\\/\\\/www.boatsibiza.com\\\/es\\\/\"]}]},{\"@type\":\"ImageObject\",\"inLanguage\":\"es\",\"@id\":\"https:\\\/\\\/www.boatsibiza.com\\\/es\\\/#primaryimage\",\"url\":\"https:\\\/\\\/www.boatsibiza.com\\\/wp-content\\\/uploads\\\/2016\\\/11\\\/LeopardIbizaTown_1440.jpg\",\"contentUrl\":\"https:\\\/\\\/www.boatsibiza.com\\\/wp-content\\\/uploads\\\/2016\\\/11\\\/LeopardIbizaTown_1440.jpg\",\"width\":1440,\"height\":810},{\"@type\":\"BreadcrumbList\",\"@id\":\"https:\\\/\\\/www.boatsibiza.com\\\/es\\\/#breadcrumb\",\"itemListElement\":[{\"@type\":\"ListItem\",\"position\":1,\"name\":\"Home\",\"item\":\"https:\\\/\\\/www.boatsibiza.com\\\/es\\\/\"},{\"@type\":\"ListItem\",\"position\":2,\"name\":\"Inicio\"}]},{\"@type\":\"WebSite\",\"@id\":\"https:\\\/\\\/www.boatsibiza.com\\\/#website\",\"url\":\"https:\\\/\\\/www.boatsibiza.com\\\/\",\"name\":\"Boats Ibiza\",\"description\":\"Boat hire &amp; yacht rental in Ibiza\",\"potentialAction\":[{\"@type\":\"SearchAction\",\"target\":{\"@type\":\"EntryPoint\",\"urlTemplate\":\"https:\\\/\\\/www.boatsibiza.com\\\/?s={search_term_string}\"},\"query-input\":{\"@type\":\"PropertyValueSpecification\",\"valueRequired\":true,\"valueName\":\"search_term_string\"}}],\"inLanguage\":\"es\"}]}<\/script>\n<!-- \/ Yoast SEO plugin. -->","yoast_head_json":{"title":"Boats ibiza | El alquiler de barcos, yates y ch\u00e1rter m\u00e1s fiable de Ibiza.","description":"\u00a1Descubre Ibiza y Formentera con un incre\u00edble alquiler Boats Ibiza! Alquiler de yates y alquiler de embarcaciones para adaptarse a cada estado de \u00e1nimo y presupuesto. La mejor promesa de precio. \u00a1P\u00f3ngase en contacto hoy para una cotizaci\u00f3n r\u00e1pida y sin compromiso!","robots":{"index":"index","follow":"follow","max-snippet":"max-snippet:-1","max-image-preview":"max-image-preview:large","max-video-preview":"max-video-preview:-1"},"canonical":"https:\/\/www.boatsibiza.com\/es\/","og_locale":"es_ES","og_type":"article","og_title":"Boats ibiza | El alquiler de barcos, yates y ch\u00e1rter m\u00e1s fiable de Ibiza.","og_description":"\u00a1Descubre Ibiza y Formentera con un incre\u00edble alquiler Boats Ibiza! Alquiler de yates y alquiler de embarcaciones para adaptarse a cada estado de \u00e1nimo y presupuesto. La mejor promesa de precio. \u00a1P\u00f3ngase en contacto hoy para una cotizaci\u00f3n r\u00e1pida y sin compromiso!","og_url":"https:\/\/www.boatsibiza.com\/es\/","og_site_name":"Boats Ibiza","article_publisher":"https:\/\/www.facebook.com\/Boats-Ibiza-92351586938\/","article_modified_time":"2024-01-26T15:10:44+00:00","og_image":[{"width":1440,"height":810,"url":"https:\/\/www.boatsibiza.com\/wp-content\/uploads\/2016\/11\/LeopardIbizaTown_1440.jpg","type":"image\/jpeg"}],"twitter_card":"summary_large_image","twitter_site":"@boatsibiza","twitter_misc":{"Tiempo de lectura":"5 minutos"},"schema":{"@context":"https:\/\/schema.org","@graph":[{"@type":"WebPage","@id":"https:\/\/www.boatsibiza.com\/es\/","url":"https:\/\/www.boatsibiza.com\/es\/","name":"Boats ibiza | El alquiler de barcos, yates y ch\u00e1rter m\u00e1s fiable de Ibiza.","isPartOf":{"@id":"https:\/\/www.boatsibiza.com\/#website"},"primaryImageOfPage":{"@id":"https:\/\/www.boatsibiza.com\/es\/#primaryimage"},"image":{"@id":"https:\/\/www.boatsibiza.com\/es\/#primaryimage"},"thumbnailUrl":"https:\/\/www.boatsibiza.com\/wp-content\/uploads\/2016\/11\/LeopardIbizaTown_1440.jpg","datePublished":"2019-03-16T13:33:30+00:00","dateModified":"2024-01-26T15:10:44+00:00","description":"\u00a1Descubre Ibiza y Formentera con un incre\u00edble alquiler Boats Ibiza! Alquiler de yates y alquiler de embarcaciones para adaptarse a cada estado de \u00e1nimo y presupuesto. La mejor promesa de precio. \u00a1P\u00f3ngase en contacto hoy para una cotizaci\u00f3n r\u00e1pida y sin compromiso!","breadcrumb":{"@id":"https:\/\/www.boatsibiza.com\/es\/#breadcrumb"},"inLanguage":"es","potentialAction":[{"@type":"ReadAction","target":["https:\/\/www.boatsibiza.com\/es\/"]}]},{"@type":"ImageObject","inLanguage":"es","@id":"https:\/\/www.boatsibiza.com\/es\/#primaryimage","url":"https:\/\/www.boatsibiza.com\/wp-content\/uploads\/2016\/11\/LeopardIbizaTown_1440.jpg","contentUrl":"https:\/\/www.boatsibiza.com\/wp-content\/uploads\/2016\/11\/LeopardIbizaTown_1440.jpg","width":1440,"height":810},{"@type":"BreadcrumbList","@id":"https:\/\/www.boatsibiza.com\/es\/#breadcrumb","itemListElement":[{"@type":"ListItem","position":1,"name":"Home","item":"https:\/\/www.boatsibiza.com\/es\/"},{"@type":"ListItem","position":2,"name":"Inicio"}]},{"@type":"WebSite","@id":"https:\/\/www.boatsibiza.com\/#website","url":"https:\/\/www.boatsibiza.com\/","name":"Boats Ibiza","description":"Boat hire &amp; yacht rental in Ibiza","potentialAction":[{"@type":"SearchAction","target":{"@type":"EntryPoint","urlTemplate":"https:\/\/www.boatsibiza.com\/?s={search_term_string}"},"query-input":{"@type":"PropertyValueSpecification","valueRequired":true,"valueName":"search_term_string"}}],"inLanguage":"es"}]}},"_links":{"self":[{"href":"https:\/\/www.boatsibiza.com\/es\/wp-json\/wp\/v2\/pages\/6367","targetHints":{"allow":["GET"]}}],"collection":[{"href":"https:\/\/www.boatsibiza.com\/es\/wp-json\/wp\/v2\/pages"}],"about":[{"href":"https:\/\/www.boatsibiza.com\/es\/wp-json\/wp\/v2\/types\/page"}],"author":[{"embeddable":true,"href":"https:\/\/www.boatsibiza.com\/es\/wp-json\/wp\/v2\/users\/3"}],"replies":[{"embeddable":true,"href":"https:\/\/www.boatsibiza.com\/es\/wp-json\/wp\/v2\/comments?post=6367"}],"version-history":[{"count":0,"href":"https:\/\/www.boatsibiza.com\/es\/wp-json\/wp\/v2\/pages\/6367\/revisions"}],"wp:featuredmedia":[{"embeddable":true,"href":"https:\/\/www.boatsibiza.com\/es\/wp-json\/wp\/v2\/media\/6269"}],"wp:attachment":[{"href":"https:\/\/www.boatsibiza.com\/es\/wp-json\/wp\/v2\/media?parent=6367"}],"curies":[{"name":"wp","href":"https:\/\/api.w.org\/{rel}","templated":true}]}}