{"id":7031,"date":"2019-04-13T15:20:47","date_gmt":"2019-04-13T15:20:47","guid":{"rendered":"https:\/\/www.boatsibiza.com\/familias\/"},"modified":"2019-04-13T15:20:47","modified_gmt":"2019-04-13T15:20:47","slug":"familias","status":"publish","type":"page","link":"https:\/\/www.boatsibiza.com\/es\/familias\/","title":{"rendered":"Familias"},"content":{"rendered":"<div><img loading=\"lazy\" decoding=\"async\" class=\"custom-page-top-image alignnone wp-image-235 size-full\" src=\"\/wp-content\/uploads\/2016\/11\/families-800-1.jpg\" alt=\"Alquiler de barcos en Ibiza para familias\" width=\"800\" height=\"500\" srcset=\"https:\/\/www.boatsibiza.com\/wp-content\/uploads\/2016\/11\/families-800-1.jpg 800w, https:\/\/www.boatsibiza.com\/wp-content\/uploads\/2016\/11\/families-800-1-300x188.jpg 300w, https:\/\/www.boatsibiza.com\/wp-content\/uploads\/2016\/11\/families-800-1-768x480.jpg 768w\" sizes=\"auto, (max-width: 800px) 100vw, 800px\" \/><\/div>\n<div><\/div>\n<div>\n<p>El alquiler de barcos en Ibiza para familias es nuestra especialidad. De hecho, algunos de los hu\u00e9spedes m\u00e1s encantados de Boats Ibiza son los ni\u00f1os. Pasar el d\u00eda con la familia a bordo de una de nuestros c\u00f3modos y bien equipados barcos y yates a menudo se describe como \u00abEl mejor d\u00eda de las vacaciones\u00bb.<\/p>\n<\/div>\n<div>\n<p>Es una rara oportunidad pasar tiempo de calidad con tus seres queridos, sin trabajar y disfrutando de una salida familiar y divertida en uno de los entornos marinos m\u00e1s bellos del mundo.<\/p>\n<div> <\/div>\n<h2 style=\"text-align: left\"> Rel\u00e1jate mientras los ni\u00f1os se lo pasan bien <\/h2>\n<p>\u00a1Para aquellos que alqu\u00edlan una lancha r\u00e1pida, un gran favorito para los ni\u00f1os es la divertid\u00edsima emoci\u00f3n de ser arrastrado por el donut inflable! Tambi\u00e9n te proporcionamos equipo de snorkel de buena calidad y flotadores, de modo que todos los que quieran pueden ver la incre\u00edble variedad de vida marina que se encuentra justo debajo de la superficie del mar de Islas Baleares. \u00a1Tambi\u00e9n a menudo vemos delfines!<\/p>\n<h2 style=\"text-align: left\">Tu familia est\u00e1 en manos de expertos <\/h2>\n<p>Nuestras lanchas r\u00e1pidas van un paso m\u00e1s all\u00e1. Incluimos el equipo de <a href=\"\/water-sports\/\" target=\"_blank\" rel=\"noopener\"> deportes acu\u00e1ticos <\/a> (waterskis, wakeboard, etc.) y la la instrucci\u00f3n, un gran \u00e9xito entre los ni\u00f1os mayores. Y ten la seguridad de que nuestros barcos y equipo est\u00e1n en excelentes condiciones, con un excelente mantenimiento y nuestros capitanes e instructores completamente cualificados se toman la seguridad muy en serio. Est\u00e1s en manos de expertos.<\/p>\n<h2 style=\"text-align: left\">\u00bfPor qu\u00e9 no repartir el costo entre amigos? <\/h2>\n<p><strong> El mejor consejo para familias que buscan una ganga <\/strong>: si te gustar\u00eda regalar a tu familia un alquiler de un barco en Ibiza, \u00bfpor qu\u00e9 no hacerlo m\u00e1s asequible y unirlo con tus amigos en vacaciones y sus hijos? <strong> Alquilar un barco en Ibiza puede costar a las familias tan solo \u20ac 77.85 por persona <\/strong> cuando el barco est\u00e1 lleno y el precio se divide entre el grupo. Incluimos combustible, impuestos y una barra ilimitada de cerveza, vino, cava y refrescos tambi\u00e9n. Ah, y recuerdos para toda la vida \ud83d\ude42<\/p>\n<p><em> El precio de ejemplo es para el <a href=\"https:\/\/www.boatsibiza.com\/our-fleet\/cranchi-31\/\" target=\"_blank\" rel=\"noopener\"> Cranchi 31 <\/a>, capacidad x 7, para un alquiler de medio d\u00eda durante una temporada baja <\/em><\/p>\n<\/div>\n","protected":false},"excerpt":{"rendered":"<p>El alquiler de barcos en Ibiza para familias es nuestra especialidad. De hecho, algunos de los hu\u00e9spedes m\u00e1s encantados de Boats Ibiza son los ni\u00f1os. Pasar el d\u00eda con la familia a bordo de una de nuestros c\u00f3modos y bien equipados barcos y yates a menudo se describe como \u00abEl mejor d\u00eda de las vacaciones\u00bb.<a class=\"excerpt-read-more\" href=\"https:\/\/www.boatsibiza.com\/es\/familias\/\" title=\"LeeFamilias\">&#8230; Read more &raquo;<\/a><\/p>\n","protected":false},"author":3,"featured_media":0,"parent":0,"menu_order":14,"comment_status":"closed","ping_status":"closed","template":"template-activities-page.php","meta":{"_acf_changed":false,"footnotes":""},"class_list":["post-7031","page","type-page","status-publish","hentry"],"acf":[],"yoast_head":"<!-- This site is optimized with the Yoast SEO plugin v27.3 - https:\/\/yoast.com\/product\/yoast-seo-wordpress\/ -->\n<title>Alquiler de barcos en Ibiza para familias<\/title>\n<meta name=\"description\" content=\"Haz que estas vacaciones familiares en Ibiza sean inolvidables con Boats Ibiza, nos especializamos en el alquiler de barcos en Ibiza para familias. \u00a1Precios desde menos de 50 \u20ac por persona!\" \/>\n<meta name=\"robots\" content=\"index, follow, max-snippet:-1, max-image-preview:large, max-video-preview:-1\" \/>\n<link rel=\"canonical\" href=\"https:\/\/www.boatsibiza.com\/es\/familias\/\" \/>\n<meta property=\"og:locale\" content=\"es_ES\" \/>\n<meta property=\"og:type\" content=\"article\" \/>\n<meta property=\"og:title\" content=\"Alquiler de barcos en Ibiza para familias\" \/>\n<meta property=\"og:description\" content=\"Haz que estas vacaciones familiares en Ibiza sean inolvidables con Boats Ibiza, nos especializamos en el alquiler de barcos en Ibiza para familias. \u00a1Precios desde menos de 50 \u20ac por persona!\" \/>\n<meta property=\"og:url\" content=\"https:\/\/www.boatsibiza.com\/es\/familias\/\" \/>\n<meta property=\"og:site_name\" content=\"Boats Ibiza\" \/>\n<meta property=\"article:publisher\" content=\"https:\/\/www.facebook.com\/Boats-Ibiza-92351586938\/\" \/>\n<meta property=\"og:image\" content=\"https:\/\/www.boatsibiza.com\/wp-content\/uploads\/2016\/11\/families-800-1.jpg\" \/>\n<meta name=\"twitter:card\" content=\"summary_large_image\" \/>\n<meta name=\"twitter:site\" content=\"@boatsibiza\" \/>\n<meta name=\"twitter:label1\" content=\"Tiempo de lectura\" \/>\n\t<meta name=\"twitter:data1\" content=\"2 minutos\" \/>\n<script type=\"application\/ld+json\" class=\"yoast-schema-graph\">{\"@context\":\"https:\\\/\\\/schema.org\",\"@graph\":[{\"@type\":\"WebPage\",\"@id\":\"https:\\\/\\\/www.boatsibiza.com\\\/es\\\/familias\\\/\",\"url\":\"https:\\\/\\\/www.boatsibiza.com\\\/es\\\/familias\\\/\",\"name\":\"Alquiler de barcos en Ibiza para familias\",\"isPartOf\":{\"@id\":\"https:\\\/\\\/www.boatsibiza.com\\\/#website\"},\"datePublished\":\"2019-04-13T15:20:47+00:00\",\"description\":\"Haz que estas vacaciones familiares en Ibiza sean inolvidables con Boats Ibiza, nos especializamos en el alquiler de barcos en Ibiza para familias. \u00a1Precios desde menos de 50 \u20ac por persona!\",\"breadcrumb\":{\"@id\":\"https:\\\/\\\/www.boatsibiza.com\\\/es\\\/familias\\\/#breadcrumb\"},\"inLanguage\":\"es\",\"potentialAction\":[{\"@type\":\"ReadAction\",\"target\":[\"https:\\\/\\\/www.boatsibiza.com\\\/es\\\/familias\\\/\"]}]},{\"@type\":\"BreadcrumbList\",\"@id\":\"https:\\\/\\\/www.boatsibiza.com\\\/es\\\/familias\\\/#breadcrumb\",\"itemListElement\":[{\"@type\":\"ListItem\",\"position\":1,\"name\":\"Home\",\"item\":\"https:\\\/\\\/www.boatsibiza.com\\\/es\\\/\"},{\"@type\":\"ListItem\",\"position\":2,\"name\":\"Familias\"}]},{\"@type\":\"WebSite\",\"@id\":\"https:\\\/\\\/www.boatsibiza.com\\\/#website\",\"url\":\"https:\\\/\\\/www.boatsibiza.com\\\/\",\"name\":\"Boats Ibiza\",\"description\":\"Boat hire &amp; yacht rental in Ibiza\",\"potentialAction\":[{\"@type\":\"SearchAction\",\"target\":{\"@type\":\"EntryPoint\",\"urlTemplate\":\"https:\\\/\\\/www.boatsibiza.com\\\/?s={search_term_string}\"},\"query-input\":{\"@type\":\"PropertyValueSpecification\",\"valueRequired\":true,\"valueName\":\"search_term_string\"}}],\"inLanguage\":\"es\"}]}<\/script>\n<!-- \/ Yoast SEO plugin. -->","yoast_head_json":{"title":"Alquiler de barcos en Ibiza para familias","description":"Haz que estas vacaciones familiares en Ibiza sean inolvidables con Boats Ibiza, nos especializamos en el alquiler de barcos en Ibiza para familias. \u00a1Precios desde menos de 50 \u20ac por persona!","robots":{"index":"index","follow":"follow","max-snippet":"max-snippet:-1","max-image-preview":"max-image-preview:large","max-video-preview":"max-video-preview:-1"},"canonical":"https:\/\/www.boatsibiza.com\/es\/familias\/","og_locale":"es_ES","og_type":"article","og_title":"Alquiler de barcos en Ibiza para familias","og_description":"Haz que estas vacaciones familiares en Ibiza sean inolvidables con Boats Ibiza, nos especializamos en el alquiler de barcos en Ibiza para familias. \u00a1Precios desde menos de 50 \u20ac por persona!","og_url":"https:\/\/www.boatsibiza.com\/es\/familias\/","og_site_name":"Boats Ibiza","article_publisher":"https:\/\/www.facebook.com\/Boats-Ibiza-92351586938\/","og_image":[{"url":"https:\/\/www.boatsibiza.com\/wp-content\/uploads\/2016\/11\/families-800-1.jpg","type":"","width":"","height":""}],"twitter_card":"summary_large_image","twitter_site":"@boatsibiza","twitter_misc":{"Tiempo de lectura":"2 minutos"},"schema":{"@context":"https:\/\/schema.org","@graph":[{"@type":"WebPage","@id":"https:\/\/www.boatsibiza.com\/es\/familias\/","url":"https:\/\/www.boatsibiza.com\/es\/familias\/","name":"Alquiler de barcos en Ibiza para familias","isPartOf":{"@id":"https:\/\/www.boatsibiza.com\/#website"},"datePublished":"2019-04-13T15:20:47+00:00","description":"Haz que estas vacaciones familiares en Ibiza sean inolvidables con Boats Ibiza, nos especializamos en el alquiler de barcos en Ibiza para familias. \u00a1Precios desde menos de 50 \u20ac por persona!","breadcrumb":{"@id":"https:\/\/www.boatsibiza.com\/es\/familias\/#breadcrumb"},"inLanguage":"es","potentialAction":[{"@type":"ReadAction","target":["https:\/\/www.boatsibiza.com\/es\/familias\/"]}]},{"@type":"BreadcrumbList","@id":"https:\/\/www.boatsibiza.com\/es\/familias\/#breadcrumb","itemListElement":[{"@type":"ListItem","position":1,"name":"Home","item":"https:\/\/www.boatsibiza.com\/es\/"},{"@type":"ListItem","position":2,"name":"Familias"}]},{"@type":"WebSite","@id":"https:\/\/www.boatsibiza.com\/#website","url":"https:\/\/www.boatsibiza.com\/","name":"Boats Ibiza","description":"Boat hire &amp; yacht rental in Ibiza","potentialAction":[{"@type":"SearchAction","target":{"@type":"EntryPoint","urlTemplate":"https:\/\/www.boatsibiza.com\/?s={search_term_string}"},"query-input":{"@type":"PropertyValueSpecification","valueRequired":true,"valueName":"search_term_string"}}],"inLanguage":"es"}]}},"_links":{"self":[{"href":"https:\/\/www.boatsibiza.com\/es\/wp-json\/wp\/v2\/pages\/7031","targetHints":{"allow":["GET"]}}],"collection":[{"href":"https:\/\/www.boatsibiza.com\/es\/wp-json\/wp\/v2\/pages"}],"about":[{"href":"https:\/\/www.boatsibiza.com\/es\/wp-json\/wp\/v2\/types\/page"}],"author":[{"embeddable":true,"href":"https:\/\/www.boatsibiza.com\/es\/wp-json\/wp\/v2\/users\/3"}],"replies":[{"embeddable":true,"href":"https:\/\/www.boatsibiza.com\/es\/wp-json\/wp\/v2\/comments?post=7031"}],"version-history":[{"count":0,"href":"https:\/\/www.boatsibiza.com\/es\/wp-json\/wp\/v2\/pages\/7031\/revisions"}],"wp:attachment":[{"href":"https:\/\/www.boatsibiza.com\/es\/wp-json\/wp\/v2\/media?parent=7031"}],"curies":[{"name":"wp","href":"https:\/\/api.w.org\/{rel}","templated":true}]}}