{"id":7033,"date":"2019-04-13T15:35:24","date_gmt":"2019-04-13T15:35:24","guid":{"rendered":"https:\/\/www.boatsibiza.com\/ibiza-despedidas-de-soltera-y-soltero\/"},"modified":"2019-04-13T15:35:24","modified_gmt":"2019-04-13T15:35:24","slug":"ibiza-despedidas-de-soltera-y-soltero","status":"publish","type":"page","link":"https:\/\/www.boatsibiza.com\/es\/ibiza-despedidas-de-soltera-y-soltero\/","title":{"rendered":"Ibiza despedidas de soltera y soltero"},"content":{"rendered":"<p><img loading=\"lazy\" decoding=\"async\" class=\"alignnone wp-image-302 size-full\" src=\"\/wp-content\/uploads\/2016\/11\/henparty.jpg\" alt=\"Ibiza despedidas de soltera y soltero\" width=\"800\" height=\"500\" srcset=\"https:\/\/www.boatsibiza.com\/wp-content\/uploads\/2016\/11\/henparty.jpg 800w, https:\/\/www.boatsibiza.com\/wp-content\/uploads\/2016\/11\/henparty-300x188.jpg 300w, https:\/\/www.boatsibiza.com\/wp-content\/uploads\/2016\/11\/henparty-768x480.jpg 768w\" sizes=\"auto, (max-width: 800px) 100vw, 800px\" \/><\/p>\n<h2> Alquiler de barcos Great Value Ibiza para despedidas de soltera y despedidas de soltero <\/h2>\n<p>\u00bfSintiendo la presi\u00f3n?<\/p>\n<p>Si TU eres el elegido, encargado del \u00e9xito de la m\u00e1s memorable de las ocasiones, una despedida de soltera o despedida de soltero en Ibiza, entonces sabemos qu\u00e9 tipo de presi\u00f3n tienes como organizador para mantener a todo el grupo feliz y entretenido!<\/p>\n<p>Ah\u00ed es donde el experimentado equipo de Boats Ibiza puede ayudarte, con una fabulosa gama de ofertas de alquiler de gran valor en una variedad de magn\u00edficos barcos y yates, junto con nuestro equipo de eventos profesionales para asegurarnos de que tu d\u00eda perfecto en Baleares sea un sue\u00f1o.<\/p>\n<h2>Felicidad garantizada <\/h2>\n<p>Reservar un viaje de un d\u00eda a medida con Boats Ibiza te garantizar\u00e1 que la despedida sea un d\u00eda fabuloso y sin preocupaciones. \u00bfCu\u00e1l es el tipo de alquiler de barcos que buscas, tal vez la emoci\u00f3n de un <a href=\"\/boats\/speed-boats\/\" target=\"_blank\"> sports \/ speed boat <\/a>? O tal vez un d\u00eda de relajaci\u00f3n a bordo de uno de nuestros inmaculados <a href=\"\/boats\/motor-yachts\/\" target=\"_blank\"> yates a motor <\/a> o <a> barcos de vela <\/a>, tenemos algo perfecto tanto para tu fiesta de despedida en Ibiza como para tu presupuesto. Ll\u00e1manos o escr\u00edbenos para que te demos opciones sin compromiso.<\/p>\n<h2>\u00bfUn poco de algo extra? <\/h2>\n<p>El alquiler de barcos en Ibiza para despedidas son eventos siempre memorables para todos, \u00a1incluso nosotros! Por esa raz\u00f3n, nos encanta hacer que todo sea un poco m\u00e1s especial. Preg\u00fantanos sobre una recepci\u00f3n con Champagne o Cava, reservas para restaurante en playas de Ibiza o Formentera, catering a bordo o <a href=\"\/water-sports\/\" target=\"_blank\"> deportes acu\u00e1ticos <\/a>, estaremos felices de organizarlo todo para ti.<\/p>\n","protected":false},"excerpt":{"rendered":"<p>Alquiler de barcos Great Value Ibiza para despedidas de soltera y despedidas de soltero \u00bfSintiendo la presi\u00f3n? Si TU eres el elegido, encargado del \u00e9xito de la m\u00e1s memorable de las ocasiones, una despedida de soltera o despedida de soltero en Ibiza, entonces sabemos qu\u00e9 tipo de presi\u00f3n tienes como organizador para mantener a todo<a class=\"excerpt-read-more\" href=\"https:\/\/www.boatsibiza.com\/es\/ibiza-despedidas-de-soltera-y-soltero\/\" title=\"LeeIbiza despedidas de soltera y soltero\">&#8230; Read more &raquo;<\/a><\/p>\n","protected":false},"author":3,"featured_media":0,"parent":0,"menu_order":12,"comment_status":"closed","ping_status":"closed","template":"template-activities-page.php","meta":{"_acf_changed":false,"footnotes":""},"class_list":["post-7033","page","type-page","status-publish","hentry"],"acf":[],"yoast_head":"<!-- This site is optimized with the Yoast SEO plugin v27.4 - https:\/\/yoast.com\/product\/yoast-seo-wordpress\/ -->\n<title>Ibiza despedidas de soltera y soltero<\/title>\n<meta name=\"description\" content=\"Alquiler de barco en Ibiza para despedidas de soltera y despedidas de soltero \u00a1Hag\u00e1moslo todo un poquito m\u00e1s especial con burbujas GRATIS a su llegada!\" \/>\n<meta name=\"robots\" content=\"index, follow, max-snippet:-1, max-image-preview:large, max-video-preview:-1\" \/>\n<link rel=\"canonical\" href=\"https:\/\/www.boatsibiza.com\/es\/ibiza-despedidas-de-soltera-y-soltero\/\" \/>\n<meta property=\"og:locale\" content=\"es_ES\" \/>\n<meta property=\"og:type\" content=\"article\" \/>\n<meta property=\"og:title\" content=\"Ibiza despedidas de soltera y soltero\" \/>\n<meta property=\"og:description\" content=\"Alquiler de barco en Ibiza para despedidas de soltera y despedidas de soltero \u00a1Hag\u00e1moslo todo un poquito m\u00e1s especial con burbujas GRATIS a su llegada!\" \/>\n<meta property=\"og:url\" content=\"https:\/\/www.boatsibiza.com\/es\/ibiza-despedidas-de-soltera-y-soltero\/\" \/>\n<meta property=\"og:site_name\" content=\"Boats Ibiza\" \/>\n<meta property=\"article:publisher\" content=\"https:\/\/www.facebook.com\/Boats-Ibiza-92351586938\/\" \/>\n<meta property=\"og:image\" content=\"https:\/\/www.boatsibiza.com\/wp-content\/uploads\/2016\/11\/henparty.jpg\" \/>\n<meta name=\"twitter:card\" content=\"summary_large_image\" \/>\n<meta name=\"twitter:site\" content=\"@boatsibiza\" \/>\n<meta name=\"twitter:label1\" content=\"Tiempo de lectura\" \/>\n\t<meta name=\"twitter:data1\" content=\"1 minuto\" \/>\n<script type=\"application\/ld+json\" class=\"yoast-schema-graph\">{\"@context\":\"https:\\\/\\\/schema.org\",\"@graph\":[{\"@type\":\"WebPage\",\"@id\":\"https:\\\/\\\/www.boatsibiza.com\\\/es\\\/ibiza-despedidas-de-soltera-y-soltero\\\/\",\"url\":\"https:\\\/\\\/www.boatsibiza.com\\\/es\\\/ibiza-despedidas-de-soltera-y-soltero\\\/\",\"name\":\"Ibiza despedidas de soltera y soltero\",\"isPartOf\":{\"@id\":\"https:\\\/\\\/www.boatsibiza.com\\\/#website\"},\"datePublished\":\"2019-04-13T15:35:24+00:00\",\"description\":\"Alquiler de barco en Ibiza para despedidas de soltera y despedidas de soltero \u00a1Hag\u00e1moslo todo un poquito m\u00e1s especial con burbujas GRATIS a su llegada!\",\"breadcrumb\":{\"@id\":\"https:\\\/\\\/www.boatsibiza.com\\\/es\\\/ibiza-despedidas-de-soltera-y-soltero\\\/#breadcrumb\"},\"inLanguage\":\"es\",\"potentialAction\":[{\"@type\":\"ReadAction\",\"target\":[\"https:\\\/\\\/www.boatsibiza.com\\\/es\\\/ibiza-despedidas-de-soltera-y-soltero\\\/\"]}]},{\"@type\":\"BreadcrumbList\",\"@id\":\"https:\\\/\\\/www.boatsibiza.com\\\/es\\\/ibiza-despedidas-de-soltera-y-soltero\\\/#breadcrumb\",\"itemListElement\":[{\"@type\":\"ListItem\",\"position\":1,\"name\":\"Home\",\"item\":\"https:\\\/\\\/www.boatsibiza.com\\\/es\\\/\"},{\"@type\":\"ListItem\",\"position\":2,\"name\":\"Ibiza despedidas de soltera y soltero\"}]},{\"@type\":\"WebSite\",\"@id\":\"https:\\\/\\\/www.boatsibiza.com\\\/#website\",\"url\":\"https:\\\/\\\/www.boatsibiza.com\\\/\",\"name\":\"Boats Ibiza\",\"description\":\"Boat hire &amp; yacht rental in Ibiza\",\"potentialAction\":[{\"@type\":\"SearchAction\",\"target\":{\"@type\":\"EntryPoint\",\"urlTemplate\":\"https:\\\/\\\/www.boatsibiza.com\\\/?s={search_term_string}\"},\"query-input\":{\"@type\":\"PropertyValueSpecification\",\"valueRequired\":true,\"valueName\":\"search_term_string\"}}],\"inLanguage\":\"es\"}]}<\/script>\n<!-- \/ Yoast SEO plugin. -->","yoast_head_json":{"title":"Ibiza despedidas de soltera y soltero","description":"Alquiler de barco en Ibiza para despedidas de soltera y despedidas de soltero \u00a1Hag\u00e1moslo todo un poquito m\u00e1s especial con burbujas GRATIS a su llegada!","robots":{"index":"index","follow":"follow","max-snippet":"max-snippet:-1","max-image-preview":"max-image-preview:large","max-video-preview":"max-video-preview:-1"},"canonical":"https:\/\/www.boatsibiza.com\/es\/ibiza-despedidas-de-soltera-y-soltero\/","og_locale":"es_ES","og_type":"article","og_title":"Ibiza despedidas de soltera y soltero","og_description":"Alquiler de barco en Ibiza para despedidas de soltera y despedidas de soltero \u00a1Hag\u00e1moslo todo un poquito m\u00e1s especial con burbujas GRATIS a su llegada!","og_url":"https:\/\/www.boatsibiza.com\/es\/ibiza-despedidas-de-soltera-y-soltero\/","og_site_name":"Boats Ibiza","article_publisher":"https:\/\/www.facebook.com\/Boats-Ibiza-92351586938\/","og_image":[{"url":"https:\/\/www.boatsibiza.com\/wp-content\/uploads\/2016\/11\/henparty.jpg","type":"","width":"","height":""}],"twitter_card":"summary_large_image","twitter_site":"@boatsibiza","twitter_misc":{"Tiempo de lectura":"1 minuto"},"schema":{"@context":"https:\/\/schema.org","@graph":[{"@type":"WebPage","@id":"https:\/\/www.boatsibiza.com\/es\/ibiza-despedidas-de-soltera-y-soltero\/","url":"https:\/\/www.boatsibiza.com\/es\/ibiza-despedidas-de-soltera-y-soltero\/","name":"Ibiza despedidas de soltera y soltero","isPartOf":{"@id":"https:\/\/www.boatsibiza.com\/#website"},"datePublished":"2019-04-13T15:35:24+00:00","description":"Alquiler de barco en Ibiza para despedidas de soltera y despedidas de soltero \u00a1Hag\u00e1moslo todo un poquito m\u00e1s especial con burbujas GRATIS a su llegada!","breadcrumb":{"@id":"https:\/\/www.boatsibiza.com\/es\/ibiza-despedidas-de-soltera-y-soltero\/#breadcrumb"},"inLanguage":"es","potentialAction":[{"@type":"ReadAction","target":["https:\/\/www.boatsibiza.com\/es\/ibiza-despedidas-de-soltera-y-soltero\/"]}]},{"@type":"BreadcrumbList","@id":"https:\/\/www.boatsibiza.com\/es\/ibiza-despedidas-de-soltera-y-soltero\/#breadcrumb","itemListElement":[{"@type":"ListItem","position":1,"name":"Home","item":"https:\/\/www.boatsibiza.com\/es\/"},{"@type":"ListItem","position":2,"name":"Ibiza despedidas de soltera y soltero"}]},{"@type":"WebSite","@id":"https:\/\/www.boatsibiza.com\/#website","url":"https:\/\/www.boatsibiza.com\/","name":"Boats Ibiza","description":"Boat hire &amp; yacht rental in Ibiza","potentialAction":[{"@type":"SearchAction","target":{"@type":"EntryPoint","urlTemplate":"https:\/\/www.boatsibiza.com\/?s={search_term_string}"},"query-input":{"@type":"PropertyValueSpecification","valueRequired":true,"valueName":"search_term_string"}}],"inLanguage":"es"}]}},"_links":{"self":[{"href":"https:\/\/www.boatsibiza.com\/es\/wp-json\/wp\/v2\/pages\/7033","targetHints":{"allow":["GET"]}}],"collection":[{"href":"https:\/\/www.boatsibiza.com\/es\/wp-json\/wp\/v2\/pages"}],"about":[{"href":"https:\/\/www.boatsibiza.com\/es\/wp-json\/wp\/v2\/types\/page"}],"author":[{"embeddable":true,"href":"https:\/\/www.boatsibiza.com\/es\/wp-json\/wp\/v2\/users\/3"}],"replies":[{"embeddable":true,"href":"https:\/\/www.boatsibiza.com\/es\/wp-json\/wp\/v2\/comments?post=7033"}],"version-history":[{"count":0,"href":"https:\/\/www.boatsibiza.com\/es\/wp-json\/wp\/v2\/pages\/7033\/revisions"}],"wp:attachment":[{"href":"https:\/\/www.boatsibiza.com\/es\/wp-json\/wp\/v2\/media?parent=7033"}],"curies":[{"name":"wp","href":"https:\/\/api.w.org\/{rel}","templated":true}]}}