{"id":7034,"date":"2019-04-13T15:46:00","date_gmt":"2019-04-13T15:46:00","guid":{"rendered":"https:\/\/www.boatsibiza.com\/crucero-al-atardecer\/"},"modified":"2019-04-13T15:46:00","modified_gmt":"2019-04-13T15:46:00","slug":"crucero-al-atardecer","status":"publish","type":"page","link":"https:\/\/www.boatsibiza.com\/es\/crucero-al-atardecer\/","title":{"rendered":"Crucero al atardecer"},"content":{"rendered":"<p style=\"text-align: left\"><a href=\"\/wp-content\/uploads\/2016\/11\/Jet2-boats-ibiza-trip-by-Alasdair-Grant.jpg\"><img loading=\"lazy\" decoding=\"async\" class=\"alignnone size-large wp-image-727\" src=\"\/wp-content\/uploads\/2016\/11\/Jet2-boats-ibiza-trip-by-Alasdair-Grant-1024x682.jpg\" alt=\"Ibiza sunset by boat\" width=\"1024\" height=\"682\" srcset=\"https:\/\/www.boatsibiza.com\/wp-content\/uploads\/2016\/11\/Jet2-boats-ibiza-trip-by-Alasdair-Grant-1024x682.jpg 1024w, https:\/\/www.boatsibiza.com\/wp-content\/uploads\/2016\/11\/Jet2-boats-ibiza-trip-by-Alasdair-Grant-300x200.jpg 300w, https:\/\/www.boatsibiza.com\/wp-content\/uploads\/2016\/11\/Jet2-boats-ibiza-trip-by-Alasdair-Grant-768x511.jpg 768w, https:\/\/www.boatsibiza.com\/wp-content\/uploads\/2016\/11\/Jet2-boats-ibiza-trip-by-Alasdair-Grant-330x220.jpg 330w, https:\/\/www.boatsibiza.com\/wp-content\/uploads\/2016\/11\/Jet2-boats-ibiza-trip-by-Alasdair-Grant.jpg 1878w\" sizes=\"auto, (max-width: 1024px) 100vw, 1024px\" \/><\/a><\/p>\n<p style=\"text-align: left\"> <b> Las puestas de sol en Ibiza, se dice, est\u00e1n entre las m\u00e1s famosas y hermosas del mundo. <\/b> Durante los meses de verano, especialmente, multitudes de toda la Isla Blanca se re\u00fanen en las playas y rocas a lo largo de la costa dorada del oeste para echar un vistazo al espect\u00e1culo. Muchos juran que la \u00fanica forma de obtener los mejores asientos es contemplar el atardecer de Ibiza desde un barco. Estamos de acuerdo! <\/p>\n<p style=\"text-align: left\"> <a href=\"\/wp-content\/uploads\/2016\/11\/FullSizeRender-8.jpg\"> <img \/> <\/a> <\/p>\n<h2 style=\"text-align: left\"> <strong> Inolvidable <\/strong> <\/h2>\n<div dir=\"ltr\">\n<p>El equipo de Boats Ibiza se especializa en brindarte a ti y a tu grupo esa experiencia ic\u00f3nica de la &#8216;Puesta de sol en barco en Ibiza&#8217; por un precio asombrosamente asequible, lo que te permite vivir el sue\u00f1o sin forzar la billetera. A diferencia de muchos de nuestros competidores que ofrecen solo el alquiler de embarcaciones por d\u00eda en Ibiza, en Boats Ibiza tambi\u00e9n ofrecemos excelentes ofertas en barcos de alquiler solo para el atardecer, manteni\u00e9ndolo flexible y asequible para ti.<\/p>\n<p>Puedes elegir disfrutar de la legendaria puesta de sol de Ibiza con estilo y privacidad con tus amigos y familiares desde la comodidad de nuestro <a href=\"https:\/\/www.boatsibiza.com\/our-fleet\/cranchi-31\/\"> yate a motor Cranchi 31 <\/a> o nuestro <a href=\"\/our-fleet\/sunseeker-camargue-47ft\/\" target=\"_blank\" rel=\"noopener\"> Sunseeker Camargue 47 &#8216;motor<\/a>.<\/p>\n<h2> <strong> \u00a1Desde menos de 80\u20ac cada uno a plena capacidad! <\/strong> <\/h2>\n<p>Precios para una sesi\u00f3n al atardecer (3.5 horas) en el <a href=\"https:\/\/www.boatsibiza.com\/our-fleet\/cranchi-31\/\" target=\"_blank\" rel=\"noopener\"> Cranchi 31 <\/a> <strong> comience con solo \u20ac 545 <\/strong> para alquilar un barco para un grupo de hasta x 7 personas. Si el barco est\u00e1 lleno, sale a <strong> menos de 80\u20ac cada uno <\/strong> e incluye capit\u00e1n, combustible, impuestos y vino, cerveza, cava y refrescos ilimitados.<\/p>\n<p>Una sesi\u00f3n al atardecer (3.5 horas) en nuestro lujoso <a href=\"\/our-fleet\/sunseeker-camargue-47ft\/\" target=\"_blank\" rel=\"noopener\"> yate a motor Sunseeker Camargue <\/a> por solo 907.50\u20ac para un grupo de hasta x 12 personas. Eso sale a <strong> menos de 98\u20ac cada uno <\/strong> y tambi\u00e9n incluye capit\u00e1n, impuestos y cerveza, vino, cava y refrescos ilimitados. No est\u00e1 mal, \u00bfeh?<\/p>\n<\/div>\n<p dir=\"ltr\" style=\"text-align: left\"> <a href=\"\/wp-content\/uploads\/2016\/11\/FullSizeRender-52.jpg\"> <img \/> <\/a> <\/p>\n<p dir=\"ltr\" style=\"text-align: left\"> Si ya has optado por uno de los deportes acu\u00e1ticos \/ lanchas r\u00e1pidas, yates a motor o veleros de Boats Ibiza para un d\u00eda completo de alquiler, \u00a1enhorabuena! Podemos recomendar de todo coraz\u00f3n que contemplar una impresionante puesta de sol desde su propio ch\u00e1rter privado en Ibiza es la manera perfecta de terminar un d\u00eda perfecto. <\/p>\n<h2> <strong> Destinos t\u00edpicos de la puesta de sol de Ibiza <\/strong> <\/h2>\n<p>Disfrute de la puesta de sol especial de Ibiza con unas cuantas cervezas, una copa de vino o quiz\u00e1s un champ\u00e1n, anclado entre las celebridades delante de Caf\u00e9 Mambo y Caf\u00e9 Del Mar. O si prefiere un ambiente m\u00e1s privado, solo p\u00eddale a su capit\u00e1n que lo lleve a Una hermosa y aislada cala de Ibiza para ver c\u00f3mo el sol desciende al mar. Hippie en el coraz\u00f3n? Dir\u00edgete a Cala Conta y Sunset Ashram. Donde quiera que est\u00e9, escucha los estallidos de los gritos de alegr\u00eda cuando otro d\u00eda lleno de sol se acerca a su fin y comienza otra noche especial en Ibiza.<\/p>\n<h3 style=\"text-align: left\"> <strong> Sunset strip <\/strong> <\/h3>\n<p>El famoso sunset strip de San Antonio en la costa oeste es el lugar para estar y ser visto al atardecer. El puerto deportivo de Boats Ibiza se encuentra a 10 minutos a pie de este centro de bares y restaurantes.<\/p>\n<p>Cafe del Mar establece el est\u00e1ndar de los bares al atardecer de Ibiza, reproduciendo sonidos ambientales para acompa\u00f1ar la puesta de sol, vistos desde sus atestadas terrazas. Al lado, Caf\u00e9 Mambo organiza fiestas geniales todas las noches con grandes DJs, al igual que Kanya, un poco m\u00e1s lejos a lo largo de la bah\u00eda. O, si prefiere un lugar m\u00e1s relajado, \u00bfpor qu\u00e9 no probar el ultra relajado Kasbah Ibiza o el Buddha Bar, ambos con vista a la bonita cala de Cala des Moro?<\/p>\n<p><a href=\"\/wp-content\/uploads\/2016\/11\/sunset-at-sea-logo.jpg\"> <img loading=\"lazy\" decoding=\"async\" width=\"1024\" height=\"585\" class=\"alignnone size-large wp-image-736\" src=\"\/wp-content\/uploads\/2016\/11\/sunset-at-sea-logo-1024x585.jpg\" srcset=\"https:\/\/www.boatsibiza.com\/wp-content\/uploads\/2016\/11\/sunset-at-sea-logo-1024x585.jpg 1024w, https:\/\/www.boatsibiza.com\/wp-content\/uploads\/2016\/11\/sunset-at-sea-logo-300x171.jpg 300w, https:\/\/www.boatsibiza.com\/wp-content\/uploads\/2016\/11\/sunset-at-sea-logo-768x439.jpg 768w\" sizes=\"auto, (max-width: 1024px) 100vw, 1024px\" \/> <\/a><\/p>\n","protected":false},"excerpt":{"rendered":"<p>Las puestas de sol en Ibiza, se dice, est\u00e1n entre las m\u00e1s famosas y hermosas del mundo. Durante los meses de verano, especialmente, multitudes de toda la Isla Blanca se re\u00fanen en las playas y rocas a lo largo de la costa dorada del oeste para echar un vistazo al espect\u00e1culo. Muchos juran que la<a class=\"excerpt-read-more\" href=\"https:\/\/www.boatsibiza.com\/es\/crucero-al-atardecer\/\" title=\"LeeCrucero al atardecer\">&#8230; Read more &raquo;<\/a><\/p>\n","protected":false},"author":3,"featured_media":0,"parent":0,"menu_order":11,"comment_status":"closed","ping_status":"closed","template":"template-activities-page.php","meta":{"_acf_changed":false,"footnotes":""},"class_list":["post-7034","page","type-page","status-publish","hentry"],"acf":[],"yoast_head":"<!-- This site is optimized with the Yoast SEO plugin v27.4 - https:\/\/yoast.com\/product\/yoast-seo-wordpress\/ -->\n<title>Crucero al atardecer &#187; Boats Ibiza<\/title>\n<meta name=\"description\" content=\"El equipo de Boats Ibiza se especializa en brindar esa experiencia ic\u00f3nica de &#039;Puesta de sol en barco en Ibiza&#039; para ti y tu grupo a un precio asombrosamente asequible.\" \/>\n<meta name=\"robots\" content=\"index, follow, max-snippet:-1, max-image-preview:large, max-video-preview:-1\" \/>\n<link rel=\"canonical\" href=\"https:\/\/www.boatsibiza.com\/es\/crucero-al-atardecer\/\" \/>\n<meta property=\"og:locale\" content=\"es_ES\" \/>\n<meta property=\"og:type\" content=\"article\" \/>\n<meta property=\"og:title\" content=\"Crucero al atardecer &#187; Boats Ibiza\" \/>\n<meta property=\"og:description\" content=\"El equipo de Boats Ibiza se especializa en brindar esa experiencia ic\u00f3nica de &#039;Puesta de sol en barco en Ibiza&#039; para ti y tu grupo a un precio asombrosamente asequible.\" \/>\n<meta property=\"og:url\" content=\"https:\/\/www.boatsibiza.com\/es\/crucero-al-atardecer\/\" \/>\n<meta property=\"og:site_name\" content=\"Boats Ibiza\" \/>\n<meta property=\"article:publisher\" content=\"https:\/\/www.facebook.com\/Boats-Ibiza-92351586938\/\" \/>\n<meta property=\"og:image\" content=\"https:\/\/www.boatsibiza.com\/wp-content\/uploads\/2016\/11\/Jet2-boats-ibiza-trip-by-Alasdair-Grant-1024x682.jpg\" \/>\n<meta name=\"twitter:card\" content=\"summary_large_image\" \/>\n<meta name=\"twitter:site\" content=\"@boatsibiza\" \/>\n<meta name=\"twitter:label1\" content=\"Tiempo de lectura\" \/>\n\t<meta name=\"twitter:data1\" content=\"3 minutos\" \/>\n<script type=\"application\/ld+json\" class=\"yoast-schema-graph\">{\"@context\":\"https:\\\/\\\/schema.org\",\"@graph\":[{\"@type\":\"WebPage\",\"@id\":\"https:\\\/\\\/www.boatsibiza.com\\\/es\\\/crucero-al-atardecer\\\/\",\"url\":\"https:\\\/\\\/www.boatsibiza.com\\\/es\\\/crucero-al-atardecer\\\/\",\"name\":\"Crucero al atardecer &#187; Boats Ibiza\",\"isPartOf\":{\"@id\":\"https:\\\/\\\/www.boatsibiza.com\\\/#website\"},\"datePublished\":\"2019-04-13T15:46:00+00:00\",\"description\":\"El equipo de Boats Ibiza se especializa en brindar esa experiencia ic\u00f3nica de 'Puesta de sol en barco en Ibiza' para ti y tu grupo a un precio asombrosamente asequible.\",\"breadcrumb\":{\"@id\":\"https:\\\/\\\/www.boatsibiza.com\\\/es\\\/crucero-al-atardecer\\\/#breadcrumb\"},\"inLanguage\":\"es\",\"potentialAction\":[{\"@type\":\"ReadAction\",\"target\":[\"https:\\\/\\\/www.boatsibiza.com\\\/es\\\/crucero-al-atardecer\\\/\"]}]},{\"@type\":\"BreadcrumbList\",\"@id\":\"https:\\\/\\\/www.boatsibiza.com\\\/es\\\/crucero-al-atardecer\\\/#breadcrumb\",\"itemListElement\":[{\"@type\":\"ListItem\",\"position\":1,\"name\":\"Home\",\"item\":\"https:\\\/\\\/www.boatsibiza.com\\\/es\\\/\"},{\"@type\":\"ListItem\",\"position\":2,\"name\":\"Crucero al atardecer\"}]},{\"@type\":\"WebSite\",\"@id\":\"https:\\\/\\\/www.boatsibiza.com\\\/#website\",\"url\":\"https:\\\/\\\/www.boatsibiza.com\\\/\",\"name\":\"Boats Ibiza\",\"description\":\"Boat hire &amp; yacht rental in Ibiza\",\"potentialAction\":[{\"@type\":\"SearchAction\",\"target\":{\"@type\":\"EntryPoint\",\"urlTemplate\":\"https:\\\/\\\/www.boatsibiza.com\\\/?s={search_term_string}\"},\"query-input\":{\"@type\":\"PropertyValueSpecification\",\"valueRequired\":true,\"valueName\":\"search_term_string\"}}],\"inLanguage\":\"es\"}]}<\/script>\n<!-- \/ Yoast SEO plugin. -->","yoast_head_json":{"title":"Crucero al atardecer &#187; Boats Ibiza","description":"El equipo de Boats Ibiza se especializa en brindar esa experiencia ic\u00f3nica de 'Puesta de sol en barco en Ibiza' para ti y tu grupo a un precio asombrosamente asequible.","robots":{"index":"index","follow":"follow","max-snippet":"max-snippet:-1","max-image-preview":"max-image-preview:large","max-video-preview":"max-video-preview:-1"},"canonical":"https:\/\/www.boatsibiza.com\/es\/crucero-al-atardecer\/","og_locale":"es_ES","og_type":"article","og_title":"Crucero al atardecer &#187; Boats Ibiza","og_description":"El equipo de Boats Ibiza se especializa en brindar esa experiencia ic\u00f3nica de 'Puesta de sol en barco en Ibiza' para ti y tu grupo a un precio asombrosamente asequible.","og_url":"https:\/\/www.boatsibiza.com\/es\/crucero-al-atardecer\/","og_site_name":"Boats Ibiza","article_publisher":"https:\/\/www.facebook.com\/Boats-Ibiza-92351586938\/","og_image":[{"url":"https:\/\/www.boatsibiza.com\/wp-content\/uploads\/2016\/11\/Jet2-boats-ibiza-trip-by-Alasdair-Grant-1024x682.jpg","type":"","width":"","height":""}],"twitter_card":"summary_large_image","twitter_site":"@boatsibiza","twitter_misc":{"Tiempo de lectura":"3 minutos"},"schema":{"@context":"https:\/\/schema.org","@graph":[{"@type":"WebPage","@id":"https:\/\/www.boatsibiza.com\/es\/crucero-al-atardecer\/","url":"https:\/\/www.boatsibiza.com\/es\/crucero-al-atardecer\/","name":"Crucero al atardecer &#187; Boats Ibiza","isPartOf":{"@id":"https:\/\/www.boatsibiza.com\/#website"},"datePublished":"2019-04-13T15:46:00+00:00","description":"El equipo de Boats Ibiza se especializa en brindar esa experiencia ic\u00f3nica de 'Puesta de sol en barco en Ibiza' para ti y tu grupo a un precio asombrosamente asequible.","breadcrumb":{"@id":"https:\/\/www.boatsibiza.com\/es\/crucero-al-atardecer\/#breadcrumb"},"inLanguage":"es","potentialAction":[{"@type":"ReadAction","target":["https:\/\/www.boatsibiza.com\/es\/crucero-al-atardecer\/"]}]},{"@type":"BreadcrumbList","@id":"https:\/\/www.boatsibiza.com\/es\/crucero-al-atardecer\/#breadcrumb","itemListElement":[{"@type":"ListItem","position":1,"name":"Home","item":"https:\/\/www.boatsibiza.com\/es\/"},{"@type":"ListItem","position":2,"name":"Crucero al atardecer"}]},{"@type":"WebSite","@id":"https:\/\/www.boatsibiza.com\/#website","url":"https:\/\/www.boatsibiza.com\/","name":"Boats Ibiza","description":"Boat hire &amp; yacht rental in Ibiza","potentialAction":[{"@type":"SearchAction","target":{"@type":"EntryPoint","urlTemplate":"https:\/\/www.boatsibiza.com\/?s={search_term_string}"},"query-input":{"@type":"PropertyValueSpecification","valueRequired":true,"valueName":"search_term_string"}}],"inLanguage":"es"}]}},"_links":{"self":[{"href":"https:\/\/www.boatsibiza.com\/es\/wp-json\/wp\/v2\/pages\/7034","targetHints":{"allow":["GET"]}}],"collection":[{"href":"https:\/\/www.boatsibiza.com\/es\/wp-json\/wp\/v2\/pages"}],"about":[{"href":"https:\/\/www.boatsibiza.com\/es\/wp-json\/wp\/v2\/types\/page"}],"author":[{"embeddable":true,"href":"https:\/\/www.boatsibiza.com\/es\/wp-json\/wp\/v2\/users\/3"}],"replies":[{"embeddable":true,"href":"https:\/\/www.boatsibiza.com\/es\/wp-json\/wp\/v2\/comments?post=7034"}],"version-history":[{"count":0,"href":"https:\/\/www.boatsibiza.com\/es\/wp-json\/wp\/v2\/pages\/7034\/revisions"}],"wp:attachment":[{"href":"https:\/\/www.boatsibiza.com\/es\/wp-json\/wp\/v2\/media?parent=7034"}],"curies":[{"name":"wp","href":"https:\/\/api.w.org\/{rel}","templated":true}]}}