{"id":7036,"date":"2019-04-13T16:00:33","date_gmt":"2019-04-13T16:00:33","guid":{"rendered":"https:\/\/www.boatsibiza.com\/explora-formentera-en-barco\/"},"modified":"2019-04-13T16:00:33","modified_gmt":"2019-04-13T16:00:33","slug":"explora-formentera-en-barco","status":"publish","type":"page","link":"https:\/\/www.boatsibiza.com\/es\/explora-formentera-en-barco\/","title":{"rendered":"Explora Formentera en barco"},"content":{"rendered":"<p><a href=\"\/wp-content\/uploads\/2016\/11\/IMG_1087.jpg\"> <img class=\"alignnone size-large wp-image-714\" \/> <\/a><\/p>\n<p><strong> Ubicado al sur de la isla de Ibiza, Formentera se describe a menudo como un para\u00edso <\/strong>. \u00a1Explorar Formentera en barco seguramente se acerca al cielo! Con sus largos tramos de arena blanca y fina, sus aguas de aspecto caribe\u00f1o y su hermoso litoral, esta peque\u00f1a y tranquila isla es el ant\u00eddoto perfecto para las bulliciosas calles de Ibiza en pleno verano. No es de extra\u00f1ar que sea uno de nuestros destinos m\u00e1s populares para los viajes en barco de d\u00eda completo.<\/p>\n<p>Amada por todos los que la visitan, la costa de Formentera es verdaderamente una vista magn\u00edfica para contemplar y est\u00e1 llena de cuevas secretas utilizadas por los famosos piratas ibicencos de pasado oscuro y lejano. Piratas que una vez fueron tan prol\u00edficos en el \u00e1rea y saqueadores tan comunes, que la isla fue inhabitable por un tiempo. Afortunadamente para nosotros, los tiempos han cambiado y ver Formentera en barco ahora es completamente seguro, oo aar!<\/p>\n<p>A continuaci\u00f3n tienes una breve informaci\u00f3n sobre algunas de nuestras playas favoritas de Formentera. Echa un vistazo a este <a href=\"\/top-5-ibiza-locations-to-visit-by-boat\/\" target=\"_blank\"> blog m\u00e1s detallado <\/a> si quieres saber m\u00e1s acerca de las mejores ubicaciones de la isla.<\/p>\n<h2> <strong> Playa: Ses Illetes <\/strong> <\/h2>\n<p>Cerca del puerto, es quiz\u00e1s una de las playas m\u00e1s hermosas de Europa. Aparte de la fina arena blanca en polvo y el asombroso color turquesa del mar, Ses Illetes tambi\u00e9n alberga nada menos que 4 fant\u00e1sticos <a>restaurantes de playa <\/a> incluido el legendario Juan y Andrea.<\/p>\n<h2> <strong> Playa: Cala Saona <\/strong> <\/h2>\n<p>Esta hermosa y apacible playa ubicada en una cala natural de arena blanca en la costa oeste de la isla se encuentra fuera de los caminos trillados y es (con raz\u00f3n) famosa por sus magn\u00edficas vistas de la puesta del sol que derrite el estr\u00e9s.<\/p>\n<h2> <strong> Reserva natural: Espalmador <\/strong> <\/h2>\n<p>Una reserva natural deshabitada de propiedad privada con aguas tranquilas de color turquesa y ba\u00f1os naturales de barro. Solo se puede llegar en barco o caminando desde Formentera atravesando el agua a la altura de la cintura.<\/p>\n\n<div class=\"google-maps-builder-wrap\">\n\n\t<div id=\"google-maps-builder-260\" class=\"google-maps-builder\"  data-map-id=\"260\" style=\"width:100%; height:400px\"><\/div>\n\n\t\n<\/div>\n\n","protected":false},"excerpt":{"rendered":"<p>Ubicado al sur de la isla de Ibiza, Formentera se describe a menudo como un para\u00edso . \u00a1Explorar Formentera en barco seguramente se acerca al cielo! Con sus largos tramos de arena blanca y fina, sus aguas de aspecto caribe\u00f1o y su hermoso litoral, esta peque\u00f1a y tranquila isla es el ant\u00eddoto perfecto para las<a class=\"excerpt-read-more\" href=\"https:\/\/www.boatsibiza.com\/es\/explora-formentera-en-barco\/\" title=\"LeeExplora Formentera en barco\">&#8230; Read more &raquo;<\/a><\/p>\n","protected":false},"author":3,"featured_media":0,"parent":0,"menu_order":9,"comment_status":"closed","ping_status":"closed","template":"template-activities-page.php","meta":{"_acf_changed":false,"footnotes":""},"class_list":["post-7036","page","type-page","status-publish","hentry"],"acf":[],"yoast_head":"<!-- This site is optimized with the Yoast SEO plugin v27.3 - https:\/\/yoast.com\/product\/yoast-seo-wordpress\/ -->\n<title>Explora Formentera en barco &#187; Boats Ibiza<\/title>\n<meta name=\"description\" content=\"Situada al sur de la isla de Ibiza, Formentera se describe a menudo como un para\u00edso. \u00a1Explorar Formentera en barco seguramente se acerca al cielo!\" \/>\n<meta name=\"robots\" content=\"index, follow, max-snippet:-1, max-image-preview:large, max-video-preview:-1\" \/>\n<link rel=\"canonical\" href=\"https:\/\/www.boatsibiza.com\/es\/explora-formentera-en-barco\/\" \/>\n<meta property=\"og:locale\" content=\"es_ES\" \/>\n<meta property=\"og:type\" content=\"article\" \/>\n<meta property=\"og:title\" content=\"Explora Formentera en barco &#187; Boats Ibiza\" \/>\n<meta property=\"og:description\" content=\"Situada al sur de la isla de Ibiza, Formentera se describe a menudo como un para\u00edso. \u00a1Explorar Formentera en barco seguramente se acerca al cielo!\" \/>\n<meta property=\"og:url\" content=\"https:\/\/www.boatsibiza.com\/es\/explora-formentera-en-barco\/\" \/>\n<meta property=\"og:site_name\" content=\"Boats Ibiza\" \/>\n<meta property=\"article:publisher\" content=\"https:\/\/www.facebook.com\/Boats-Ibiza-92351586938\/\" \/>\n<meta name=\"twitter:card\" content=\"summary_large_image\" \/>\n<meta name=\"twitter:site\" content=\"@boatsibiza\" \/>\n<meta name=\"twitter:label1\" content=\"Tiempo de lectura\" \/>\n\t<meta name=\"twitter:data1\" content=\"2 minutos\" \/>\n<script type=\"application\/ld+json\" class=\"yoast-schema-graph\">{\"@context\":\"https:\\\/\\\/schema.org\",\"@graph\":[{\"@type\":\"WebPage\",\"@id\":\"https:\\\/\\\/www.boatsibiza.com\\\/es\\\/explora-formentera-en-barco\\\/\",\"url\":\"https:\\\/\\\/www.boatsibiza.com\\\/es\\\/explora-formentera-en-barco\\\/\",\"name\":\"Explora Formentera en barco &#187; Boats Ibiza\",\"isPartOf\":{\"@id\":\"https:\\\/\\\/www.boatsibiza.com\\\/#website\"},\"datePublished\":\"2019-04-13T16:00:33+00:00\",\"description\":\"Situada al sur de la isla de Ibiza, Formentera se describe a menudo como un para\u00edso. \u00a1Explorar Formentera en barco seguramente se acerca al cielo!\",\"breadcrumb\":{\"@id\":\"https:\\\/\\\/www.boatsibiza.com\\\/es\\\/explora-formentera-en-barco\\\/#breadcrumb\"},\"inLanguage\":\"es\",\"potentialAction\":[{\"@type\":\"ReadAction\",\"target\":[\"https:\\\/\\\/www.boatsibiza.com\\\/es\\\/explora-formentera-en-barco\\\/\"]}]},{\"@type\":\"BreadcrumbList\",\"@id\":\"https:\\\/\\\/www.boatsibiza.com\\\/es\\\/explora-formentera-en-barco\\\/#breadcrumb\",\"itemListElement\":[{\"@type\":\"ListItem\",\"position\":1,\"name\":\"Home\",\"item\":\"https:\\\/\\\/www.boatsibiza.com\\\/es\\\/\"},{\"@type\":\"ListItem\",\"position\":2,\"name\":\"Explora Formentera en barco\"}]},{\"@type\":\"WebSite\",\"@id\":\"https:\\\/\\\/www.boatsibiza.com\\\/#website\",\"url\":\"https:\\\/\\\/www.boatsibiza.com\\\/\",\"name\":\"Boats Ibiza\",\"description\":\"Boat hire &amp; yacht rental in Ibiza\",\"potentialAction\":[{\"@type\":\"SearchAction\",\"target\":{\"@type\":\"EntryPoint\",\"urlTemplate\":\"https:\\\/\\\/www.boatsibiza.com\\\/?s={search_term_string}\"},\"query-input\":{\"@type\":\"PropertyValueSpecification\",\"valueRequired\":true,\"valueName\":\"search_term_string\"}}],\"inLanguage\":\"es\"}]}<\/script>\n<!-- \/ Yoast SEO plugin. -->","yoast_head_json":{"title":"Explora Formentera en barco &#187; Boats Ibiza","description":"Situada al sur de la isla de Ibiza, Formentera se describe a menudo como un para\u00edso. \u00a1Explorar Formentera en barco seguramente se acerca al cielo!","robots":{"index":"index","follow":"follow","max-snippet":"max-snippet:-1","max-image-preview":"max-image-preview:large","max-video-preview":"max-video-preview:-1"},"canonical":"https:\/\/www.boatsibiza.com\/es\/explora-formentera-en-barco\/","og_locale":"es_ES","og_type":"article","og_title":"Explora Formentera en barco &#187; Boats Ibiza","og_description":"Situada al sur de la isla de Ibiza, Formentera se describe a menudo como un para\u00edso. \u00a1Explorar Formentera en barco seguramente se acerca al cielo!","og_url":"https:\/\/www.boatsibiza.com\/es\/explora-formentera-en-barco\/","og_site_name":"Boats Ibiza","article_publisher":"https:\/\/www.facebook.com\/Boats-Ibiza-92351586938\/","twitter_card":"summary_large_image","twitter_site":"@boatsibiza","twitter_misc":{"Tiempo de lectura":"2 minutos"},"schema":{"@context":"https:\/\/schema.org","@graph":[{"@type":"WebPage","@id":"https:\/\/www.boatsibiza.com\/es\/explora-formentera-en-barco\/","url":"https:\/\/www.boatsibiza.com\/es\/explora-formentera-en-barco\/","name":"Explora Formentera en barco &#187; Boats Ibiza","isPartOf":{"@id":"https:\/\/www.boatsibiza.com\/#website"},"datePublished":"2019-04-13T16:00:33+00:00","description":"Situada al sur de la isla de Ibiza, Formentera se describe a menudo como un para\u00edso. \u00a1Explorar Formentera en barco seguramente se acerca al cielo!","breadcrumb":{"@id":"https:\/\/www.boatsibiza.com\/es\/explora-formentera-en-barco\/#breadcrumb"},"inLanguage":"es","potentialAction":[{"@type":"ReadAction","target":["https:\/\/www.boatsibiza.com\/es\/explora-formentera-en-barco\/"]}]},{"@type":"BreadcrumbList","@id":"https:\/\/www.boatsibiza.com\/es\/explora-formentera-en-barco\/#breadcrumb","itemListElement":[{"@type":"ListItem","position":1,"name":"Home","item":"https:\/\/www.boatsibiza.com\/es\/"},{"@type":"ListItem","position":2,"name":"Explora Formentera en barco"}]},{"@type":"WebSite","@id":"https:\/\/www.boatsibiza.com\/#website","url":"https:\/\/www.boatsibiza.com\/","name":"Boats Ibiza","description":"Boat hire &amp; yacht rental in Ibiza","potentialAction":[{"@type":"SearchAction","target":{"@type":"EntryPoint","urlTemplate":"https:\/\/www.boatsibiza.com\/?s={search_term_string}"},"query-input":{"@type":"PropertyValueSpecification","valueRequired":true,"valueName":"search_term_string"}}],"inLanguage":"es"}]}},"_links":{"self":[{"href":"https:\/\/www.boatsibiza.com\/es\/wp-json\/wp\/v2\/pages\/7036","targetHints":{"allow":["GET"]}}],"collection":[{"href":"https:\/\/www.boatsibiza.com\/es\/wp-json\/wp\/v2\/pages"}],"about":[{"href":"https:\/\/www.boatsibiza.com\/es\/wp-json\/wp\/v2\/types\/page"}],"author":[{"embeddable":true,"href":"https:\/\/www.boatsibiza.com\/es\/wp-json\/wp\/v2\/users\/3"}],"replies":[{"embeddable":true,"href":"https:\/\/www.boatsibiza.com\/es\/wp-json\/wp\/v2\/comments?post=7036"}],"version-history":[{"count":0,"href":"https:\/\/www.boatsibiza.com\/es\/wp-json\/wp\/v2\/pages\/7036\/revisions"}],"wp:attachment":[{"href":"https:\/\/www.boatsibiza.com\/es\/wp-json\/wp\/v2\/media?parent=7036"}],"curies":[{"name":"wp","href":"https:\/\/api.w.org\/{rel}","templated":true}]}}