{"id":7037,"date":"2019-04-13T16:09:13","date_gmt":"2019-04-13T16:09:13","guid":{"rendered":"https:\/\/www.boatsibiza.com\/explora-ibiza-en-barco\/"},"modified":"2019-04-13T16:09:13","modified_gmt":"2019-04-13T16:09:13","slug":"explora-ibiza-en-barco","status":"publish","type":"page","link":"https:\/\/www.boatsibiza.com\/es\/explora-ibiza-en-barco\/","title":{"rendered":"Explora Ibiza en barco"},"content":{"rendered":"<p><a href=\"\/wp-content\/uploads\/2016\/11\/cala-tarida-ibiza.jpg\"><img loading=\"lazy\" decoding=\"async\" class=\"alignnone wp-image-775 size-large\" src=\"\/wp-content\/uploads\/2016\/11\/cala-tarida-ibiza-1024x685.jpg\" alt=\"Explora Ibiza en barco\" width=\"1024\" height=\"685\" srcset=\"https:\/\/www.boatsibiza.com\/wp-content\/uploads\/2016\/11\/cala-tarida-ibiza-1024x685.jpg 1024w, https:\/\/www.boatsibiza.com\/wp-content\/uploads\/2016\/11\/cala-tarida-ibiza-300x201.jpg 300w, https:\/\/www.boatsibiza.com\/wp-content\/uploads\/2016\/11\/cala-tarida-ibiza-768x514.jpg 768w, https:\/\/www.boatsibiza.com\/wp-content\/uploads\/2016\/11\/cala-tarida-ibiza-330x220.jpg 330w\" sizes=\"auto, (max-width: 1024px) 100vw, 1024px\" \/><\/a><\/p>\n<p><strong> Ibiza tiene una costa de 131 millas verdaderamente impresionante <\/strong> con m\u00e1s de cincuenta hermosas playas de aguas cristalinas, tranquilas y turquesas. Explorar Ibiza en barco es experimentar realmente su incre\u00edble belleza. El exuberante clima mediterr\u00e1neo nos brinda un promedio de 10 a 11 horas por d\u00eda de sol de mayo a septiembre. Abril y octubre son el para\u00edso para quienes prefieren un sol suave y c\u00e1lido y noches m\u00e1s frescas.<\/p>\n<hr \/>\n<h2 id=\"westcoast\">Playas de Ibiza | costa oeste <\/h2>\n<h3> <strong>Cala Bassa <\/strong> <\/h3>\n<p>\u00a1Perfecta bah\u00eda de Ibiza para practicar deportes acu\u00e1ticos, saltos desde acantilados y una cueva para explorar!<\/p>\n<h3> <strong>Cala Conta <\/strong> <\/h3>\n<p>Aguas turquesas, una cueva pirata y el legendario Sunset Ashram: una experiencia gastron\u00f3mica \u00fanica de estilo bohemio con vistas espectaculares.<\/p>\n<h3> <strong>Cala Tarida <\/strong> <\/h3>\n<p>En esta hermosa y amigable playa, hogar del fabuloso restaurante Cotton Club, famoso por las incre\u00edbles vistas panor\u00e1micas que ofrece su hermosa terraza en la azotea, te espera una hermosa y suave arena blanca y un impresionante entorno natural.<\/p>\n<hr \/>\n<h2 id=\"southwestcoast\">Playas de Ibiza | costa sur (oeste) <\/h2>\n<h3> <strong>Cala D\u2019Hort <\/strong> <\/h3>\n<p>Con fant\u00e1sticas vistas de la m\u00edstica Es Vedra, el cercano Restaurante Es Boldado, ubicado en lo alto de un acantilado, es el favorito para el almuerzo y ofrece fant\u00e1sticos platos de mariscos frescos.<\/p>\n<h3> <strong>Isla Es Vedra <\/strong> <\/h3>\n<p>El famoso hito m\u00edstico de Ibiza, conocido por su campo altamente magn\u00e9tico (el mito y la leyenda afirman que es el tercer lugar m\u00e1s magn\u00e9tico de todo el planeta) es una isla deshabitada (excepto por la extra\u00f1a cabra o dos). Envuelto en un misterio, se dice que Es Vedra es el hogar de la antigua diosa protectora cartaginesa de Ibiza, Tanit: es una de las cosas en Ibiza que hay que ver si o si.<\/p>\n<p><a href=\"\/wp-content\/uploads\/2016\/11\/Es-Vedra-Ibiza.jpg\"> <img loading=\"lazy\" decoding=\"async\" width=\"1024\" height=\"765\" class=\"alignnone size-large wp-image-781\" src=\"\/wp-content\/uploads\/2016\/11\/Es-Vedra-Ibiza-1024x765.jpg\" \/> <\/a><\/p>\n<h3><strong>Atlantis<\/strong> <\/h3>\n<p>Conocido por sus espectaculares inscripciones en la roca y una cueva natural con una imagen pintada del dios Shiva. Siglos atr\u00e1s, Atlantis se usaba como cantera y las piedras talladas se transportaban en barco para construir casas, torres defensivas y las murallas de la ciudad fortificada de Dalt Vila en la ciudad de Ibiza (Patrimonio de la Humanidad por la UNESCO). El paradero de este lugar m\u00edstico es un secreto local bien guardado. \u00a1Preg\u00fantale a tu Capit\u00e1n si est\u00e1 dispuesto a compartirlo!<\/p>\n<h3> <strong>Cala Jondal <\/strong> <\/h3>\n<p>Esta playa es el lugar para estar y ser visto. Hogar del legendario Blue Marlin, es un excelente lugar para almorzar o desembarcar si quiere divertirse durante la noche.<\/p>\n<hr \/>\n<h2 id=\"northwestcoast\"> Playas de Ibiza | Costa noroeste <\/h2>\n<h3> <strong> Cala Gracio <\/strong> <\/h3>\n<p>Una playa apartada, ideal para familias, con aguas cristalinas rodeadas de monta\u00f1as cubiertas de pinos.<\/p>\n<h3> <strong>Cala Gracioneta <\/strong> <\/h3>\n<p>Una playa \u00edntima con aguas c\u00e1lidas y poco profundas, ideal para el buceo y con un excelente restaurante de pescados y mariscos.<\/p>\n<h3> <strong> Cala Salada <\/strong> <\/h3>\n<p>Una cala r\u00fastica e incre\u00edblemente hermosa llena de pintorescas caba\u00f1as de pescadores y con aguas especialmente transparentes. Votada como la segunda mejor playa de Europa por www.onbeach.com<\/p>\n<p><a href=\"\/wp-content\/uploads\/2016\/11\/lorraine.jpg\"> <img loading=\"lazy\" decoding=\"async\" width=\"740\" height=\"493\" class=\"alignnone wp-image-782\" src=\"\/wp-content\/uploads\/2016\/11\/lorraine.jpg\" srcset=\"https:\/\/www.boatsibiza.com\/wp-content\/uploads\/2016\/11\/lorraine.jpg 740w, https:\/\/www.boatsibiza.com\/wp-content\/uploads\/2016\/11\/lorraine-300x200.jpg 300w, https:\/\/www.boatsibiza.com\/wp-content\/uploads\/2016\/11\/lorraine-330x220.jpg 330w\" sizes=\"auto, (max-width: 740px) 100vw, 740px\" \/> <\/a><\/p>\n<h3> <strong> Islas Margaritas <\/strong> <\/h3>\n<p>Una colecci\u00f3n de islas antiguas, deshabitadas, que parecen hacer desaparecer los siglos mientras las miras. Los barcos m\u00e1s peque\u00f1os pueden cruzar el arco de piedra natural como lo han hecho los marineros durante miles de a\u00f1os.<\/p>\n<h3><strong>Benirras<\/strong> <\/h3>\n<p>Una bah\u00eda protegida, muy popular entre los hippies locales de Ibiza que son famosos por sus hipn\u00f3ticas sesiones de tambores al atardecer, especialmente los domingos por la noche. El restaurante 2000 es muy popular entre los amantes del marisco, mientras que Elements es perfecto para aquellos que prefieren una amplia variedad de cocina mediterr\u00e1nea: \u00a1sus s\u00faper zumos frescos son legendarios!<\/p>\n\n<div class=\"google-maps-builder-wrap\">\n\n\t<div id=\"google-maps-builder-259\" class=\"google-maps-builder\"  data-map-id=\"259\" style=\"width:100%; height:400px\"><\/div>\n\n\t\n<\/div>\n\n","protected":false},"excerpt":{"rendered":"<p>Ibiza tiene una costa de 131 millas verdaderamente impresionante con m\u00e1s de cincuenta hermosas playas de aguas cristalinas, tranquilas y turquesas. Explorar Ibiza en barco es experimentar realmente su incre\u00edble belleza. El exuberante clima mediterr\u00e1neo nos brinda un promedio de 10 a 11 horas por d\u00eda de sol de mayo a septiembre. Abril y octubre<a class=\"excerpt-read-more\" href=\"https:\/\/www.boatsibiza.com\/es\/explora-ibiza-en-barco\/\" title=\"LeeExplora Ibiza en barco\">&#8230; Read more &raquo;<\/a><\/p>\n","protected":false},"author":3,"featured_media":0,"parent":0,"menu_order":8,"comment_status":"closed","ping_status":"closed","template":"template-activities-page.php","meta":{"_acf_changed":false,"footnotes":""},"class_list":["post-7037","page","type-page","status-publish","hentry"],"acf":[],"yoast_head":"<!-- This site is optimized with the Yoast SEO plugin v27.4 - https:\/\/yoast.com\/product\/yoast-seo-wordpress\/ -->\n<title>Explora Ibiza en barco &#187; Boats Ibiza<\/title>\n<meta name=\"description\" content=\"Explorar Ibiza en barco es experimentar realmente su impresionante belleza. Revelamos los mejores lugares de Ibiza y las mejores playas para visitar en barco.\" \/>\n<meta name=\"robots\" content=\"index, follow, max-snippet:-1, max-image-preview:large, max-video-preview:-1\" \/>\n<link rel=\"canonical\" href=\"https:\/\/www.boatsibiza.com\/es\/explora-ibiza-en-barco\/\" \/>\n<meta property=\"og:locale\" content=\"es_ES\" \/>\n<meta property=\"og:type\" content=\"article\" \/>\n<meta property=\"og:title\" content=\"Explora Ibiza en barco &#187; Boats Ibiza\" \/>\n<meta property=\"og:description\" content=\"Explorar Ibiza en barco es experimentar realmente su impresionante belleza. Revelamos los mejores lugares de Ibiza y las mejores playas para visitar en barco.\" \/>\n<meta property=\"og:url\" content=\"https:\/\/www.boatsibiza.com\/es\/explora-ibiza-en-barco\/\" \/>\n<meta property=\"og:site_name\" content=\"Boats Ibiza\" \/>\n<meta property=\"article:publisher\" content=\"https:\/\/www.facebook.com\/Boats-Ibiza-92351586938\/\" \/>\n<meta property=\"og:image\" content=\"https:\/\/www.boatsibiza.com\/wp-content\/uploads\/2016\/11\/cala-tarida-ibiza-1024x685.jpg\" \/>\n<meta name=\"twitter:card\" content=\"summary_large_image\" \/>\n<meta name=\"twitter:site\" content=\"@boatsibiza\" \/>\n<meta name=\"twitter:label1\" content=\"Tiempo de lectura\" \/>\n\t<meta name=\"twitter:data1\" content=\"3 minutos\" \/>\n<script type=\"application\/ld+json\" class=\"yoast-schema-graph\">{\"@context\":\"https:\\\/\\\/schema.org\",\"@graph\":[{\"@type\":\"WebPage\",\"@id\":\"https:\\\/\\\/www.boatsibiza.com\\\/es\\\/explora-ibiza-en-barco\\\/\",\"url\":\"https:\\\/\\\/www.boatsibiza.com\\\/es\\\/explora-ibiza-en-barco\\\/\",\"name\":\"Explora Ibiza en barco &#187; Boats Ibiza\",\"isPartOf\":{\"@id\":\"https:\\\/\\\/www.boatsibiza.com\\\/#website\"},\"datePublished\":\"2019-04-13T16:09:13+00:00\",\"description\":\"Explorar Ibiza en barco es experimentar realmente su impresionante belleza. Revelamos los mejores lugares de Ibiza y las mejores playas para visitar en barco.\",\"breadcrumb\":{\"@id\":\"https:\\\/\\\/www.boatsibiza.com\\\/es\\\/explora-ibiza-en-barco\\\/#breadcrumb\"},\"inLanguage\":\"es\",\"potentialAction\":[{\"@type\":\"ReadAction\",\"target\":[\"https:\\\/\\\/www.boatsibiza.com\\\/es\\\/explora-ibiza-en-barco\\\/\"]}]},{\"@type\":\"BreadcrumbList\",\"@id\":\"https:\\\/\\\/www.boatsibiza.com\\\/es\\\/explora-ibiza-en-barco\\\/#breadcrumb\",\"itemListElement\":[{\"@type\":\"ListItem\",\"position\":1,\"name\":\"Home\",\"item\":\"https:\\\/\\\/www.boatsibiza.com\\\/es\\\/\"},{\"@type\":\"ListItem\",\"position\":2,\"name\":\"Explora Ibiza en barco\"}]},{\"@type\":\"WebSite\",\"@id\":\"https:\\\/\\\/www.boatsibiza.com\\\/#website\",\"url\":\"https:\\\/\\\/www.boatsibiza.com\\\/\",\"name\":\"Boats Ibiza\",\"description\":\"Boat hire &amp; yacht rental in Ibiza\",\"potentialAction\":[{\"@type\":\"SearchAction\",\"target\":{\"@type\":\"EntryPoint\",\"urlTemplate\":\"https:\\\/\\\/www.boatsibiza.com\\\/?s={search_term_string}\"},\"query-input\":{\"@type\":\"PropertyValueSpecification\",\"valueRequired\":true,\"valueName\":\"search_term_string\"}}],\"inLanguage\":\"es\"}]}<\/script>\n<!-- \/ Yoast SEO plugin. -->","yoast_head_json":{"title":"Explora Ibiza en barco &#187; Boats Ibiza","description":"Explorar Ibiza en barco es experimentar realmente su impresionante belleza. Revelamos los mejores lugares de Ibiza y las mejores playas para visitar en barco.","robots":{"index":"index","follow":"follow","max-snippet":"max-snippet:-1","max-image-preview":"max-image-preview:large","max-video-preview":"max-video-preview:-1"},"canonical":"https:\/\/www.boatsibiza.com\/es\/explora-ibiza-en-barco\/","og_locale":"es_ES","og_type":"article","og_title":"Explora Ibiza en barco &#187; Boats Ibiza","og_description":"Explorar Ibiza en barco es experimentar realmente su impresionante belleza. Revelamos los mejores lugares de Ibiza y las mejores playas para visitar en barco.","og_url":"https:\/\/www.boatsibiza.com\/es\/explora-ibiza-en-barco\/","og_site_name":"Boats Ibiza","article_publisher":"https:\/\/www.facebook.com\/Boats-Ibiza-92351586938\/","og_image":[{"url":"https:\/\/www.boatsibiza.com\/wp-content\/uploads\/2016\/11\/cala-tarida-ibiza-1024x685.jpg","type":"","width":"","height":""}],"twitter_card":"summary_large_image","twitter_site":"@boatsibiza","twitter_misc":{"Tiempo de lectura":"3 minutos"},"schema":{"@context":"https:\/\/schema.org","@graph":[{"@type":"WebPage","@id":"https:\/\/www.boatsibiza.com\/es\/explora-ibiza-en-barco\/","url":"https:\/\/www.boatsibiza.com\/es\/explora-ibiza-en-barco\/","name":"Explora Ibiza en barco &#187; Boats Ibiza","isPartOf":{"@id":"https:\/\/www.boatsibiza.com\/#website"},"datePublished":"2019-04-13T16:09:13+00:00","description":"Explorar Ibiza en barco es experimentar realmente su impresionante belleza. Revelamos los mejores lugares de Ibiza y las mejores playas para visitar en barco.","breadcrumb":{"@id":"https:\/\/www.boatsibiza.com\/es\/explora-ibiza-en-barco\/#breadcrumb"},"inLanguage":"es","potentialAction":[{"@type":"ReadAction","target":["https:\/\/www.boatsibiza.com\/es\/explora-ibiza-en-barco\/"]}]},{"@type":"BreadcrumbList","@id":"https:\/\/www.boatsibiza.com\/es\/explora-ibiza-en-barco\/#breadcrumb","itemListElement":[{"@type":"ListItem","position":1,"name":"Home","item":"https:\/\/www.boatsibiza.com\/es\/"},{"@type":"ListItem","position":2,"name":"Explora Ibiza en barco"}]},{"@type":"WebSite","@id":"https:\/\/www.boatsibiza.com\/#website","url":"https:\/\/www.boatsibiza.com\/","name":"Boats Ibiza","description":"Boat hire &amp; yacht rental in Ibiza","potentialAction":[{"@type":"SearchAction","target":{"@type":"EntryPoint","urlTemplate":"https:\/\/www.boatsibiza.com\/?s={search_term_string}"},"query-input":{"@type":"PropertyValueSpecification","valueRequired":true,"valueName":"search_term_string"}}],"inLanguage":"es"}]}},"_links":{"self":[{"href":"https:\/\/www.boatsibiza.com\/es\/wp-json\/wp\/v2\/pages\/7037","targetHints":{"allow":["GET"]}}],"collection":[{"href":"https:\/\/www.boatsibiza.com\/es\/wp-json\/wp\/v2\/pages"}],"about":[{"href":"https:\/\/www.boatsibiza.com\/es\/wp-json\/wp\/v2\/types\/page"}],"author":[{"embeddable":true,"href":"https:\/\/www.boatsibiza.com\/es\/wp-json\/wp\/v2\/users\/3"}],"replies":[{"embeddable":true,"href":"https:\/\/www.boatsibiza.com\/es\/wp-json\/wp\/v2\/comments?post=7037"}],"version-history":[{"count":0,"href":"https:\/\/www.boatsibiza.com\/es\/wp-json\/wp\/v2\/pages\/7037\/revisions"}],"wp:attachment":[{"href":"https:\/\/www.boatsibiza.com\/es\/wp-json\/wp\/v2\/media?parent=7037"}],"curies":[{"name":"wp","href":"https:\/\/api.w.org\/{rel}","templated":true}]}}