{"id":7038,"date":"2019-04-13T16:50:40","date_gmt":"2019-04-13T16:50:40","guid":{"rendered":"https:\/\/www.boatsibiza.com\/que-hacemos\/"},"modified":"2019-04-13T16:50:40","modified_gmt":"2019-04-13T16:50:40","slug":"que-hacemos","status":"publish","type":"page","link":"https:\/\/www.boatsibiza.com\/es\/que-hacemos\/","title":{"rendered":"Que hacemos"},"content":{"rendered":"<h2><a href=\"\/wp-content\/uploads\/2016\/11\/FullSizeRender-18.jpg\"><img loading=\"lazy\" decoding=\"async\" class=\"alignnone size-large wp-image-791\" src=\"\/wp-content\/uploads\/2016\/11\/FullSizeRender-18-1024x764.jpg\" alt=\"Boats Ibiza\" width=\"1024\" height=\"764\" srcset=\"https:\/\/www.boatsibiza.com\/wp-content\/uploads\/2016\/11\/FullSizeRender-18-1024x764.jpg 1024w, https:\/\/www.boatsibiza.com\/wp-content\/uploads\/2016\/11\/FullSizeRender-18-300x224.jpg 300w, https:\/\/www.boatsibiza.com\/wp-content\/uploads\/2016\/11\/FullSizeRender-18-768x573.jpg 768w\" sizes=\"auto, (max-width: 1024px) 100vw, 1024px\" \/><\/a><\/h2>\n<h2> <strong> Barcos Ibiza | lo que hacemos <\/strong> <\/h2>\n<p>Boats Ibiza es su recurso n\u00famero uno en Ibiza y Formentera para el alquiler de barcos, yates y deportes acu\u00e1ticos. Tu empresa de alquiler de barcos en Ibiza!<\/p>\n<p>Hacemos que el alquiler de un barco o de un yate en Ibiza sea simple, directo y de gran valor para ti. De hecho, desde el momento en que te pongas en contacto con nosotros, recibir\u00e1s un servicio personalizado, la m\u00e1xima flexibilidad y los mejores precios.<\/p>\n<p>Con Boats Ibiza, encontrar\u00e1s las mejores ofertas en el mercado de alquiler de barcos de Ibiza, echa un vistazo a nuestra <strong><a href=\"\/our-best-price-promise-to-you\/\" target=\"_blank\" rel=\"noopener\">promesa de precio <\/a> <\/strong> y psst, \u00a1nuestras ofertas de \u00faltimo minuto son legendarias!<\/p>\n<p>En resumen, hacer de su viaje en barco a Ibiza una ocasi\u00f3n verdaderamente memorable es nuestra principal prioridad, ya sea medio d\u00eda o un d\u00eda completo de alquiler de barcos en Ibiza, un viaje al atardecer, un fin de semana largo o un barco de una semana. Sea cual sea su presupuesto, a donde quiera que vaya y lo que quiera hacer, lo haremos realidad.<\/p>\n<p><a href=\"\/wp-content\/uploads\/2016\/11\/me-and-spotlight.jpg\"> <img loading=\"lazy\" decoding=\"async\" width=\"740\" height=\"493\" class=\"alignnone size-full wp-image-793\" src=\"\/wp-content\/uploads\/2016\/11\/me-and-spotlight.jpg\" srcset=\"https:\/\/www.boatsibiza.com\/wp-content\/uploads\/2016\/11\/me-and-spotlight.jpg 740w, https:\/\/www.boatsibiza.com\/wp-content\/uploads\/2016\/11\/me-and-spotlight-300x200.jpg 300w, https:\/\/www.boatsibiza.com\/wp-content\/uploads\/2016\/11\/me-and-spotlight-330x220.jpg 330w\" sizes=\"auto, (max-width: 740px) 100vw, 740px\" \/> <\/a><\/p>\n<h2> <b> Cont\u00e1ctanos <\/b> <\/h2>\n<p>Desde el primer momento en que te comuniques con Boats Ibiza, nuestro amable y eficiente equipo de consultas estar\u00e1 disponible para guiarte en el proceso de selecci\u00f3n. Simplemente haznos saber tu presupuesto y el tipo de barco, yate o tipo de d\u00eda que est\u00e1s buscando y te daremos un presupuesto sin compromiso con nuestras mejores opciones de alquiler de barcos en Ibiza, seleccionados para ti. Una vez que hayas decidido el ch\u00e1rter de barco perfecto, te guiaremos a trav\u00e9s de nuestro sencillo proceso de reserva. \u00a1F\u00e1cil!<\/p>\n<h2><b>Las peque\u00f1as cosas importan <\/b> <\/h2>\n<p>Sabemos que son las peque\u00f1as cosas las que hacen que Boats Ibiza destaque del resto. Perm\u00edtenos organizar todos los detalles de tu viaje sin cargo adicional. \u00bfQuieres una recepci\u00f3n con champ\u00e1n? \u00bfAbastecimiento? \u00bfEntretenimiento a bordo o una reserva en un restaurante de playa de Ibiza \/ Formentera? Te tenemos cubierto, solo pregunta!<\/p>\n<h2> <b> Deportes acu\u00e1ticos <\/b> <\/h2>\n<p>\u00bfQuieres experimentar la emoci\u00f3n del wakeboarding, el esqu\u00ed acu\u00e1tico, el flyboarding, el mono-ski o disfrutar de nuestros inflables? Nuestros expertos y cualificados capitanes pueden ense\u00f1arte todos estos emocionantes deportes acu\u00e1ticos utilizando equipos de alta calidad, sea cual sea tu nivel. Si bucear con snorkel en las aguas marinas de una cala apartada o un naufragio es lo que quieres, Boats Ibiza puede proporcionarte todo lo esencial para una aventura submarina que nunca olvidar\u00e1s.<\/p>\n<p><a href=\"\/wp-content\/uploads\/2016\/11\/collage-2.jpg\"> <img loading=\"lazy\" decoding=\"async\" width=\"1024\" height=\"1024\" class=\"alignnone wp-image-794 size-large\" src=\"\/wp-content\/uploads\/2016\/11\/collage-2-1024x1024.jpg\" srcset=\"https:\/\/www.boatsibiza.com\/wp-content\/uploads\/2016\/11\/collage-2-1024x1024.jpg 1024w, https:\/\/www.boatsibiza.com\/wp-content\/uploads\/2016\/11\/collage-2-150x150.jpg 150w, https:\/\/www.boatsibiza.com\/wp-content\/uploads\/2016\/11\/collage-2-300x300.jpg 300w, https:\/\/www.boatsibiza.com\/wp-content\/uploads\/2016\/11\/collage-2-768x768.jpg 768w, https:\/\/www.boatsibiza.com\/wp-content\/uploads\/2016\/11\/collage-2.jpg 1200w\" sizes=\"auto, (max-width: 1024px) 100vw, 1024px\" \/> <\/a><\/p>\n<h2> <b> Un d\u00eda t\u00edpico <\/b> <\/h2>\n<p>No hay tal cosa como un \u00abd\u00eda t\u00edpico\u00bb cuando reservas con Boats Ibiza. Siempre es tu d\u00eda y eso significa el mejor barco, ruta e itinerario hecho a medida para ti. Nuestros capitanes cualificados comercialmente son verdaderos expertos locales, por lo que puedes simplemente relajarte y aprovechar el enorme conocimiento de tu capit\u00e1n sobre las costas de Ibiza y Formentera. Nuestros capitanes adaptar\u00e1n el d\u00eda seg\u00fan tus deseos. Deja que te deleiten en las mejores bah\u00edas, playas y restaurantes del Mediterr\u00e1neo.<\/p>\n<p>Algunos de nuestros lugares populares incluyen almuerzos en Cala Bassa Beach Club, tardes en el s\u00faper chic Blue Marlin de Cala Jondal o Mojitos en el Jockey Club de Ses Salines. Otros prefieren pedir marisco fresco y cenar con los pies en la arena en el legendario Juan Y Andrea de Formentera. Conocemos todos los mejores bares y restaurantes de las islas, consulta nuestra gu\u00eda [Insertar enlace para explorar destinos \/ actividades]<\/p>\n<p>\u00bfTal vez has so\u00f1ado con ver una puesta de sol en Ibiza en el majestuoso Es Vedra o desde una rom\u00e1ntica cala aislada con una copa de champ\u00e1n y tu persona favorita? \u00bfO tal vez salir de fiesta en tu propio yate de alquiler privado frente a Caf\u00e9 Del Mar, mientras tu DJ personal pone m\u00fasica? Lo que desees, te proporcionaremos el d\u00eda perfecto.<\/p>\n<h2> <b> Gente famosa <\/b> <\/h2>\n<p>Ibiza y Formentera se han convertido en un patio de recreo popular para los ricos y famosos. Algunos de nuestros clientes m\u00e1s conocidos incluyen: Nicole Scherzinger (Pussycat Dolls), Alesha Dixon (Mis-teeq \/ Strictly Come Dancing \/ Britain&#8217;s Got Talent), Dizzy Rascal, James Hill (ganadora de Celebrity Big Brother 2015), Max Morely ( ganador de ITV2&#8217;s Love Island 2015). Tambi\u00e9n Fearne Cotton, Abbey Clancey \/ Crouch, Ejemplo, Carl Fogarty, The Kooks, Kelly Hoppen (Dragons Den), Claxons, Laura Whitmore (MTV), Pendulum, Professor Green y Vampire Weekend. Todos clientes de Boats Ibiza!<\/p>\n<p><a href=\"\/wp-content\/uploads\/2016\/11\/Screen-Shot-2016-07-21-at-12.15.25.png\"> <img decoding=\"async\" class=\"alignnone wp-image-795 size-full\" src=\"\/wp-content\/uploads\/2016\/11\/Screen-Shot-2016-07-21-at-12.15.25.png\" alt=\"Barcos Ibiza lo que hacemos\" width=\"957\" height=\"680 \" srcset=\"https:\/\/www.boatsibiza.com\/wp-content\/uploads\/2016\/11\/Screen-Shot-2016-07-21-at-12.15.25.png 957w, https:\/\/www.boatsibiza.com\/wp-content\/uploads\/2016\/11\/Screen-Shot-2016-07-21-at-12.15.25-300x213.png 300w, https:\/\/www.boatsibiza.com\/wp-content\/uploads\/2016\/11\/Screen-Shot-2016-07-21-at-12.15.25-768x546.png 768w\" sizes=\"(max-width: 957px) 100vw, 957px\" \/> <\/a><\/p>\n<h2> <b> Ofertas especiales de \u00faltima hora <\/b> <\/h2>\n<p>Disfruta de un fabuloso d\u00eda con barcos Ibiza. Con excursiones en barco de medio d\u00eda desde solo 545\u20ac para un grupo de 7, menos de 80\u20ac cada uno, incluyendo combustible y bebidas ilimitadas. Asequible eh?<\/p>\n<p>\u00bf\u00a1Que estas esperando!? Para reservar tu fecha perfecta te recomendamos reservar con antelaci\u00f3n. <strong> Para reservas de \u00faltima hora, podemos ofrecer una reducci\u00f3n especial en el precio, \u00a1preg\u00fantenos! <\/strong><\/p>\n","protected":false},"excerpt":{"rendered":"<p>Barcos Ibiza | lo que hacemos Boats Ibiza es su recurso n\u00famero uno en Ibiza y Formentera para el alquiler de barcos, yates y deportes acu\u00e1ticos. Tu empresa de alquiler de barcos en Ibiza! Hacemos que el alquiler de un barco o de un yate en Ibiza sea simple, directo y de gran valor para<a class=\"excerpt-read-more\" href=\"https:\/\/www.boatsibiza.com\/es\/que-hacemos\/\" title=\"LeeQue hacemos\">&#8230; Read more &raquo;<\/a><\/p>\n","protected":false},"author":3,"featured_media":0,"parent":0,"menu_order":7,"comment_status":"closed","ping_status":"closed","template":"template-about-pages.php","meta":{"_acf_changed":false,"footnotes":""},"class_list":["post-7038","page","type-page","status-publish","hentry"],"acf":[],"yoast_head":"<!-- This site is optimized with the Yoast SEO plugin v27.5 - https:\/\/yoast.com\/product\/yoast-seo-wordpress\/ -->\n<title>Que hacemos &#187; Boats Ibiza<\/title>\n<meta name=\"description\" content=\"Boats Ibiza lo que hacemos | Alquiler de barcos, ch\u00e1rter de yates y alquiler de deportes acu\u00e1ticos de gran valor en Ibiza y Formentera. Hermosa flota y los mejores precios!\" \/>\n<meta name=\"robots\" content=\"index, follow, max-snippet:-1, max-image-preview:large, max-video-preview:-1\" \/>\n<link rel=\"canonical\" href=\"https:\/\/www.boatsibiza.com\/es\/que-hacemos\/\" \/>\n<meta property=\"og:locale\" content=\"es_ES\" \/>\n<meta property=\"og:type\" content=\"article\" \/>\n<meta property=\"og:title\" content=\"Que hacemos &#187; Boats Ibiza\" \/>\n<meta property=\"og:description\" content=\"Boats Ibiza lo que hacemos | Alquiler de barcos, ch\u00e1rter de yates y alquiler de deportes acu\u00e1ticos de gran valor en Ibiza y Formentera. Hermosa flota y los mejores precios!\" \/>\n<meta property=\"og:url\" content=\"https:\/\/www.boatsibiza.com\/es\/que-hacemos\/\" \/>\n<meta property=\"og:site_name\" content=\"Boats Ibiza\" \/>\n<meta property=\"article:publisher\" content=\"https:\/\/www.facebook.com\/Boats-Ibiza-92351586938\/\" \/>\n<meta property=\"og:image\" content=\"https:\/\/www.boatsibiza.com\/wp-content\/uploads\/2016\/11\/FullSizeRender-18-1024x764.jpg\" \/>\n<meta name=\"twitter:card\" content=\"summary_large_image\" \/>\n<meta name=\"twitter:site\" content=\"@boatsibiza\" \/>\n<meta name=\"twitter:label1\" content=\"Tiempo de lectura\" \/>\n\t<meta name=\"twitter:data1\" content=\"4 minutos\" \/>\n<script type=\"application\/ld+json\" class=\"yoast-schema-graph\">{\"@context\":\"https:\\\/\\\/schema.org\",\"@graph\":[{\"@type\":\"WebPage\",\"@id\":\"https:\\\/\\\/www.boatsibiza.com\\\/es\\\/que-hacemos\\\/\",\"url\":\"https:\\\/\\\/www.boatsibiza.com\\\/es\\\/que-hacemos\\\/\",\"name\":\"Que hacemos &#187; Boats Ibiza\",\"isPartOf\":{\"@id\":\"https:\\\/\\\/www.boatsibiza.com\\\/#website\"},\"datePublished\":\"2019-04-13T16:50:40+00:00\",\"description\":\"Boats Ibiza lo que hacemos | Alquiler de barcos, ch\u00e1rter de yates y alquiler de deportes acu\u00e1ticos de gran valor en Ibiza y Formentera. Hermosa flota y los mejores precios!\",\"breadcrumb\":{\"@id\":\"https:\\\/\\\/www.boatsibiza.com\\\/es\\\/que-hacemos\\\/#breadcrumb\"},\"inLanguage\":\"es\",\"potentialAction\":[{\"@type\":\"ReadAction\",\"target\":[\"https:\\\/\\\/www.boatsibiza.com\\\/es\\\/que-hacemos\\\/\"]}]},{\"@type\":\"BreadcrumbList\",\"@id\":\"https:\\\/\\\/www.boatsibiza.com\\\/es\\\/que-hacemos\\\/#breadcrumb\",\"itemListElement\":[{\"@type\":\"ListItem\",\"position\":1,\"name\":\"Home\",\"item\":\"https:\\\/\\\/www.boatsibiza.com\\\/es\\\/\"},{\"@type\":\"ListItem\",\"position\":2,\"name\":\"Que hacemos\"}]},{\"@type\":\"WebSite\",\"@id\":\"https:\\\/\\\/www.boatsibiza.com\\\/#website\",\"url\":\"https:\\\/\\\/www.boatsibiza.com\\\/\",\"name\":\"Boats Ibiza\",\"description\":\"Boat hire &amp; yacht rental in Ibiza\",\"potentialAction\":[{\"@type\":\"SearchAction\",\"target\":{\"@type\":\"EntryPoint\",\"urlTemplate\":\"https:\\\/\\\/www.boatsibiza.com\\\/?s={search_term_string}\"},\"query-input\":{\"@type\":\"PropertyValueSpecification\",\"valueRequired\":true,\"valueName\":\"search_term_string\"}}],\"inLanguage\":\"es\"}]}<\/script>\n<!-- \/ Yoast SEO plugin. -->","yoast_head_json":{"title":"Que hacemos &#187; Boats Ibiza","description":"Boats Ibiza lo que hacemos | Alquiler de barcos, ch\u00e1rter de yates y alquiler de deportes acu\u00e1ticos de gran valor en Ibiza y Formentera. Hermosa flota y los mejores precios!","robots":{"index":"index","follow":"follow","max-snippet":"max-snippet:-1","max-image-preview":"max-image-preview:large","max-video-preview":"max-video-preview:-1"},"canonical":"https:\/\/www.boatsibiza.com\/es\/que-hacemos\/","og_locale":"es_ES","og_type":"article","og_title":"Que hacemos &#187; Boats Ibiza","og_description":"Boats Ibiza lo que hacemos | Alquiler de barcos, ch\u00e1rter de yates y alquiler de deportes acu\u00e1ticos de gran valor en Ibiza y Formentera. Hermosa flota y los mejores precios!","og_url":"https:\/\/www.boatsibiza.com\/es\/que-hacemos\/","og_site_name":"Boats Ibiza","article_publisher":"https:\/\/www.facebook.com\/Boats-Ibiza-92351586938\/","og_image":[{"url":"https:\/\/www.boatsibiza.com\/wp-content\/uploads\/2016\/11\/FullSizeRender-18-1024x764.jpg","type":"","width":"","height":""}],"twitter_card":"summary_large_image","twitter_site":"@boatsibiza","twitter_misc":{"Tiempo de lectura":"4 minutos"},"schema":{"@context":"https:\/\/schema.org","@graph":[{"@type":"WebPage","@id":"https:\/\/www.boatsibiza.com\/es\/que-hacemos\/","url":"https:\/\/www.boatsibiza.com\/es\/que-hacemos\/","name":"Que hacemos &#187; Boats Ibiza","isPartOf":{"@id":"https:\/\/www.boatsibiza.com\/#website"},"datePublished":"2019-04-13T16:50:40+00:00","description":"Boats Ibiza lo que hacemos | Alquiler de barcos, ch\u00e1rter de yates y alquiler de deportes acu\u00e1ticos de gran valor en Ibiza y Formentera. Hermosa flota y los mejores precios!","breadcrumb":{"@id":"https:\/\/www.boatsibiza.com\/es\/que-hacemos\/#breadcrumb"},"inLanguage":"es","potentialAction":[{"@type":"ReadAction","target":["https:\/\/www.boatsibiza.com\/es\/que-hacemos\/"]}]},{"@type":"BreadcrumbList","@id":"https:\/\/www.boatsibiza.com\/es\/que-hacemos\/#breadcrumb","itemListElement":[{"@type":"ListItem","position":1,"name":"Home","item":"https:\/\/www.boatsibiza.com\/es\/"},{"@type":"ListItem","position":2,"name":"Que hacemos"}]},{"@type":"WebSite","@id":"https:\/\/www.boatsibiza.com\/#website","url":"https:\/\/www.boatsibiza.com\/","name":"Boats Ibiza","description":"Boat hire &amp; yacht rental in Ibiza","potentialAction":[{"@type":"SearchAction","target":{"@type":"EntryPoint","urlTemplate":"https:\/\/www.boatsibiza.com\/?s={search_term_string}"},"query-input":{"@type":"PropertyValueSpecification","valueRequired":true,"valueName":"search_term_string"}}],"inLanguage":"es"}]}},"_links":{"self":[{"href":"https:\/\/www.boatsibiza.com\/es\/wp-json\/wp\/v2\/pages\/7038","targetHints":{"allow":["GET"]}}],"collection":[{"href":"https:\/\/www.boatsibiza.com\/es\/wp-json\/wp\/v2\/pages"}],"about":[{"href":"https:\/\/www.boatsibiza.com\/es\/wp-json\/wp\/v2\/types\/page"}],"author":[{"embeddable":true,"href":"https:\/\/www.boatsibiza.com\/es\/wp-json\/wp\/v2\/users\/3"}],"replies":[{"embeddable":true,"href":"https:\/\/www.boatsibiza.com\/es\/wp-json\/wp\/v2\/comments?post=7038"}],"version-history":[{"count":0,"href":"https:\/\/www.boatsibiza.com\/es\/wp-json\/wp\/v2\/pages\/7038\/revisions"}],"wp:attachment":[{"href":"https:\/\/www.boatsibiza.com\/es\/wp-json\/wp\/v2\/media?parent=7038"}],"curies":[{"name":"wp","href":"https:\/\/api.w.org\/{rel}","templated":true}]}}