{"id":7039,"date":"2019-04-13T17:20:04","date_gmt":"2019-04-13T17:20:04","guid":{"rendered":"https:\/\/www.boatsibiza.com\/quienes-somos\/"},"modified":"2019-04-14T18:22:53","modified_gmt":"2019-04-14T18:22:53","slug":"quienes-somos","status":"publish","type":"page","link":"https:\/\/www.boatsibiza.com\/es\/quienes-somos\/","title":{"rendered":"Quienes somos"},"content":{"rendered":"<h1><a href=\"\/wp-content\/uploads\/2016\/11\/fullsizeoutput_10.jpeg\"> <img loading=\"lazy\" decoding=\"async\" width=\"1024\" height=\"683\" class=\"alignnone size-large wp-image-803\" src=\"\/wp-content\/uploads\/2016\/11\/fullsizeoutput_10-1024x683.jpeg\" srcset=\"https:\/\/www.boatsibiza.com\/wp-content\/uploads\/2016\/11\/fullsizeoutput_10-1024x683.jpeg 1024w, https:\/\/www.boatsibiza.com\/wp-content\/uploads\/2016\/11\/fullsizeoutput_10-300x200.jpeg 300w, https:\/\/www.boatsibiza.com\/wp-content\/uploads\/2016\/11\/fullsizeoutput_10-768x512.jpeg 768w, https:\/\/www.boatsibiza.com\/wp-content\/uploads\/2016\/11\/fullsizeoutput_10-330x220.jpeg 330w\" sizes=\"auto, (max-width: 1024px) 100vw, 1024px\" \/> <\/a><\/h1>\n<h2>Sobre barcos Ibiza | la flota<\/h2>\n<p>Boats Ibiza le ofrece opciones, flexibilidad, una excelente reputaci\u00f3n y, sobre todo, un gran valor dentro del mercado de alquiler de barcos en Ibiza.<\/p>\n<p>Fundada en 2006 por nuestro Director, Neil Wood, Boats Ibiza se enorgullece de contar con 8 fabulosas embarcaciones que poseemos o gestionamos exclusivamente. Desde nuestro <a href=\"https:\/\/www.boatsibiza.com\/our-fleet\/cranchi-31\/\"> 31ft Cranchi Motor Yacht <\/a>, desde 80\u20ac por persona, hasta una gama de preciosos Sunseeker de fabricaci\u00f3n brit\u00e1nica. Hasta 5,500\u20ac por d\u00eda para nuestro magn\u00edfico barco de dise\u00f1o italiano, el <a href=\"\/our-fleet\/arno-leopard-89ft\/\"> Leopard Open 27m <\/a>, Disco Volante.<\/p>\n<p>Tambi\u00e9n somos agentes de confianza para una impresionante selecci\u00f3n de barcos de vela, perfectos para eventos m\u00e1s grandes como bodas, fiestas y celebraciones de todo tipo. Bien establecidos en el mercado de servicios de alta gama de Ibiza, suministramos barcos de motor de lujo para el alquiler de yates LiveAboard extendido, nocturno y de 5*.<\/p>\n<h2>Sobre Boats Ibiza | el jefe<\/h2>\n<hr \/>\n<div class=\"row staff-bios\">\n<div class=\"small-3 columns\"><img loading=\"lazy\" decoding=\"async\" class=\"rounded alignnone wp-image-2152 size-full\" src=\"https:\/\/www.boatsibiza.com\/wp-content\/uploads\/2016\/11\/neil-resized.jpg\" alt=\"\" width=\"200\" height=\"200\" srcset=\"https:\/\/www.boatsibiza.com\/wp-content\/uploads\/2016\/11\/neil-resized.jpg 200w, https:\/\/www.boatsibiza.com\/wp-content\/uploads\/2016\/11\/neil-resized-150x150.jpg 150w\" sizes=\"auto, (max-width: 200px) 100vw, 200px\" \/><\/div>\n<div class=\"small-9 columns\">\n<h3>Neil Wood | Director<\/h3>\n<p><strong>De<\/strong>: Nottingham, Reino Unido<br \/>\n<strong>Ama<\/strong>: barcos, Ibiza, viajes y aventuras deportivas al aire libre de todo tipo.<br \/>\n<strong>Odia<\/strong>: barcos rotos<br \/>\n<strong>Lo m\u00e1s probable es que se encuentre<\/strong>: haciendo malabares con 50 tareas con un tel\u00e9fono en cada mano<\/p>\n<\/div>\n<\/div>\n<h2>Sobre barcos Ibiza | el equipo<\/h2>\n<hr \/>\n<div class=\"row staff-bios\"><\/div>\n<div class=\"row staff-bios\">\n<div class=\"small-3 columns\"><img loading=\"lazy\" decoding=\"async\" width=\"200\" height=\"200\" class=\"alignnone rounded wp-image-838 size-full\" src=\"\/wp-content\/uploads\/2017\/02\/boats-ibiza-jane-charilou.jpg\" srcset=\"https:\/\/www.boatsibiza.com\/wp-content\/uploads\/2017\/02\/boats-ibiza-jane-charilou.jpg 200w, https:\/\/www.boatsibiza.com\/wp-content\/uploads\/2017\/02\/boats-ibiza-jane-charilou-150x150.jpg 150w\" sizes=\"auto, (max-width: 200px) 100vw, 200px\" \/><\/div>\n<div class=\"small-9 columns\">\n<h3>Jane Charilaou | Marketing<\/h3>\n<p><strong>De <\/strong>: Manchester, Reino Unido<br \/>\n<strong>Ama<\/strong>: Palabras, Ibiza, documentales, filosof\u00eda, yoga, viajes, familia, amigos, fotograf\u00eda y amigos; el mundo en general<br \/>\n<strong>Odia<\/strong>: una narrativa mal construida<br \/>\n<strong>Lo m\u00e1s probable es que se encuentre<\/strong>: escribiendo historias, bailando, riendo y tramando en las monta\u00f1as de Ibiza con 6 gatos<\/p>\n<\/div>\n<\/div>\n<div class=\"row staff-bios\">\n<div class=\"small-3 columns\"><img loading=\"lazy\" decoding=\"async\" class=\"rounded alignnone wp-image-837 size-full\" src=\"\/wp-content\/uploads\/2017\/02\/boats-ibiza-debbie-parkes.jpg\" alt=\"Debbie Parkes - Boats Ibiza\" width=\"200\" height=\"200\" srcset=\"https:\/\/www.boatsibiza.com\/wp-content\/uploads\/2017\/02\/boats-ibiza-debbie-parkes.jpg 200w, https:\/\/www.boatsibiza.com\/wp-content\/uploads\/2017\/02\/boats-ibiza-debbie-parkes-150x150.jpg 150w\" sizes=\"auto, (max-width: 200px) 100vw, 200px\" \/><\/div>\n<div class=\"small-9 columns\">\n<h3>Debs Parkes | Consultas y reservas<\/h3>\n<p><strong>De<\/strong>: Jersey, Channel Isles<br \/>\n<strong>Ama<\/strong>: perros, Ibiza, fotograf\u00eda de vida silvestre y cocinando una tormenta en la cocina<br \/>\n<strong>Odia<\/strong>: Crueldad animal y comida mal cocinada.<br \/>\n<strong>Lo m\u00e1s probable es que se encuentre<\/strong>: de rodillas en el bosque fotografiando hongos raros<\/p>\n<\/div>\n<\/div>\n<div class=\"row staff-bios\">\n<div class=\"small-3 columns\"><img loading=\"lazy\" decoding=\"async\" class=\"rounded alignnone wp-image-839 size-full\" src=\"\/wp-content\/uploads\/2017\/02\/boats-ibiza-natasha-fernandez.jpg\" alt=\"Natasha Fernandez - Boats Ibiza\" width=\"200\" height=\"200\" srcset=\"https:\/\/www.boatsibiza.com\/wp-content\/uploads\/2017\/02\/boats-ibiza-natasha-fernandez.jpg 200w, https:\/\/www.boatsibiza.com\/wp-content\/uploads\/2017\/02\/boats-ibiza-natasha-fernandez-150x150.jpg 150w\" sizes=\"auto, (max-width: 200px) 100vw, 200px\" \/><\/div>\n<div class=\"small-9 columns\">\n<h3>Natasha Fern\u00e1ndez | Consultas y reservas<\/h3>\n<p><strong>De<\/strong>: Tenerife, Islas Canarias.<br \/>\n<strong>Ama<\/strong>: dise\u00f1o de interiores, Spa &amp; Belleza, boutiques, ciudades, escritura creativa, perros!<br \/>\n<strong>Odia<\/strong>: Desorden, retrasos y cenas sin postre.<br \/>\n<strong>Lo m\u00e1s probable es que se encuentre<\/strong>: cojeando por el departamento de zapatos con una zapatilla y un tac\u00f3n tratando de encontrar un espejo.<\/p>\n<\/div>\n<\/div>\n<div class=\"row staff-bios\">\n<div class=\"small-3 columns\"><img loading=\"lazy\" decoding=\"async\" class=\"rounded alignnone wp-image-2624 size-full\" src=\"https:\/\/www.boatsibiza.com\/wp-content\/uploads\/2016\/11\/Amara-boats-ibiza-e1529680909402.jpg\" alt=\"Amara Hunt - Boats Ibiza\" width=\"200\" height=\"200\" srcset=\"https:\/\/www.boatsibiza.com\/wp-content\/uploads\/2016\/11\/Amara-boats-ibiza-e1529680909402.jpg 200w, https:\/\/www.boatsibiza.com\/wp-content\/uploads\/2016\/11\/Amara-boats-ibiza-e1529680909402-150x150.jpg 150w\" sizes=\"auto, (max-width: 200px) 100vw, 200px\" \/><\/div>\n<div class=\"small-9 columns\">\n<h3>Amara Hunt | Consultas y reservas<\/h3>\n<p><strong>De<\/strong>: Jersey, Channel Isles<br \/>\n<strong>Ama<\/strong>: clima c\u00e1lido, una casa ordenada y explorar nuevos lugares<br \/>\n<strong>Odia<\/strong>: deshonestidad, frijoles al horno y no comer chocolate<br \/>\n<strong>Lo m\u00e1s probable es que se encuentre<\/strong>: sentada en el jard\u00edn con su perro y una taza de t\u00e9<\/p>\n<\/div>\n<\/div>\n<div class=\"row staff-bios\">\n<div class=\"small-3 columns\"><img loading=\"lazy\" decoding=\"async\" class=\"rounded alignnone wp-image-840 size-full\" src=\"\/wp-content\/uploads\/2017\/02\/boats-ibiza-paul-fuller.jpg\" alt=\"Paul 'Ibiza' Fuller - Boats Ibiza\" width=\"200\" height=\"200\" srcset=\"https:\/\/www.boatsibiza.com\/wp-content\/uploads\/2017\/02\/boats-ibiza-paul-fuller.jpg 200w, https:\/\/www.boatsibiza.com\/wp-content\/uploads\/2017\/02\/boats-ibiza-paul-fuller-150x150.jpg 150w\" sizes=\"auto, (max-width: 200px) 100vw, 200px\" \/><\/div>\n<div class=\"small-9 columns\">\n<h3>Capit\u00e1n Paul \u00abIbiza\u00bb Fuller | Yachtmaster<\/h3>\n<p><strong>De<\/strong>: Southend on Sea<br \/>\n<strong>Ama<\/strong>: Diversi\u00f3n bajo el sol. Pescar. Montar en bicicleta. Camiones 4X4 y Ibiza.<br \/>\n<strong>Odia<\/strong>: Vuelos largos, madrugadas, d\u00edas hambrientos y lluviosos.<br \/>\n<strong>Lo m\u00e1s probable es que se encuentre<\/strong>: en una marina o en un astillero jugando con cosas de botes. Oo arr!<\/p>\n<\/div>\n<\/div>\n<div class=\"row staff-bios\">\n<div class=\"small-3 columns\"><img loading=\"lazy\" decoding=\"async\" class=\"rounded alignnone wp-image-2611 size-full\" src=\"https:\/\/www.boatsibiza.com\/wp-content\/uploads\/2016\/11\/murphy-e1529664497580.jpeg\" alt=\"Captain Murphy - Boats Ibiza\" width=\"200\" height=\"200\" srcset=\"https:\/\/www.boatsibiza.com\/wp-content\/uploads\/2016\/11\/murphy-e1529664497580.jpeg 200w, https:\/\/www.boatsibiza.com\/wp-content\/uploads\/2016\/11\/murphy-e1529664497580-150x150.jpeg 150w\" sizes=\"auto, (max-width: 200px) 100vw, 200px\" \/><\/div>\n<div class=\"small-9 columns\">\n<h3>Capit\u00e1n Murphy | Yachtmaster<\/h3>\n<p><strong>De<\/strong>: Reino Unido que vive en Ibiza, residente desde 1998<br \/>\n<strong>Ama<\/strong>: pesca<br \/>\n<strong>Odia<\/strong>: No pescar<br \/>\n<strong>Lo m\u00e1s probable es que se encuentre<\/strong>: \u00a1pescando!<\/p>\n<\/div>\n<\/div>\n<div class=\"row staff-bios\">\n<div class=\"small-3 columns\"><img loading=\"lazy\" decoding=\"async\" class=\"rounded alignnone wp-image-2612 size-full\" src=\"https:\/\/www.boatsibiza.com\/wp-content\/uploads\/2016\/11\/chris-e1529665014753.png\" alt=\"Captain Chris - Boats Ibiza\" width=\"200\" height=\"200\" \/><\/div>\n<div class=\"small-9 columns\">\n<h3>Capit\u00e1n Chris | Yachtmaster<\/h3>\n<p><strong>De<\/strong>: East Grinstead, Reino Unido<br \/>\n<strong>Ama<\/strong>: cualquier cosa deportiva, polos de hielo, pepino y leche<br \/>\n<strong>Odia<\/strong>: \u00a1Cerveza caliente!<br \/>\n<strong>Lo m\u00e1s probable es que se encuentre<\/strong>: en un barco o monta\u00f1a<\/p>\n<\/div>\n<\/div>\n<div class=\"row staff-bios\"><\/div>\n","protected":false},"excerpt":{"rendered":"<p>Sobre barcos Ibiza | la flota Boats Ibiza le ofrece opciones, flexibilidad, una excelente reputaci\u00f3n y, sobre todo, un gran valor dentro del mercado de alquiler de barcos en Ibiza. Fundada en 2006 por nuestro Director, Neil Wood, Boats Ibiza se enorgullece de contar con 8 fabulosas embarcaciones que poseemos o gestionamos exclusivamente. Desde nuestro<a class=\"excerpt-read-more\" href=\"https:\/\/www.boatsibiza.com\/es\/quienes-somos\/\" title=\"LeeQuienes somos\">&#8230; Read more &raquo;<\/a><\/p>\n","protected":false},"author":3,"featured_media":0,"parent":0,"menu_order":6,"comment_status":"closed","ping_status":"closed","template":"template-about-pages.php","meta":{"_acf_changed":false,"footnotes":""},"class_list":["post-7039","page","type-page","status-publish","hentry"],"acf":[],"yoast_head":"<!-- This site is optimized with the Yoast SEO plugin v27.6 - https:\/\/yoast.com\/product\/yoast-seo-wordpress\/ -->\n<title>Quienes somos &#187; Boats Ibiza<\/title>\n<meta name=\"description\" content=\"Sobre Barcos Ibiza | Elecci\u00f3n, flexibilidad, personal experto e inmejorable valor dentro del mercado de alquiler de barcos en Ibiza y Formentera.\" \/>\n<meta name=\"robots\" content=\"index, follow, max-snippet:-1, max-image-preview:large, max-video-preview:-1\" \/>\n<link rel=\"canonical\" href=\"https:\/\/www.boatsibiza.com\/es\/quienes-somos\/\" \/>\n<meta property=\"og:locale\" content=\"es_ES\" \/>\n<meta property=\"og:type\" content=\"article\" \/>\n<meta property=\"og:title\" content=\"Quienes somos &#187; Boats Ibiza\" \/>\n<meta property=\"og:description\" content=\"Sobre Barcos Ibiza | Elecci\u00f3n, flexibilidad, personal experto e inmejorable valor dentro del mercado de alquiler de barcos en Ibiza y Formentera.\" \/>\n<meta property=\"og:url\" content=\"https:\/\/www.boatsibiza.com\/es\/quienes-somos\/\" \/>\n<meta property=\"og:site_name\" content=\"Boats Ibiza\" \/>\n<meta property=\"article:publisher\" content=\"https:\/\/www.facebook.com\/Boats-Ibiza-92351586938\/\" \/>\n<meta property=\"article:modified_time\" content=\"2019-04-14T18:22:53+00:00\" \/>\n<meta property=\"og:image\" content=\"https:\/\/www.boatsibiza.com\/wp-content\/uploads\/2016\/11\/fullsizeoutput_10-1024x683.jpeg\" \/>\n<meta name=\"twitter:card\" content=\"summary_large_image\" \/>\n<meta name=\"twitter:site\" content=\"@boatsibiza\" \/>\n<meta name=\"twitter:label1\" content=\"Tiempo de lectura\" \/>\n\t<meta name=\"twitter:data1\" content=\"3 minutos\" \/>\n<script type=\"application\/ld+json\" class=\"yoast-schema-graph\">{\"@context\":\"https:\\\/\\\/schema.org\",\"@graph\":[{\"@type\":\"WebPage\",\"@id\":\"https:\\\/\\\/www.boatsibiza.com\\\/es\\\/quienes-somos\\\/\",\"url\":\"https:\\\/\\\/www.boatsibiza.com\\\/es\\\/quienes-somos\\\/\",\"name\":\"Quienes somos &#187; Boats Ibiza\",\"isPartOf\":{\"@id\":\"https:\\\/\\\/www.boatsibiza.com\\\/#website\"},\"primaryImageOfPage\":{\"@id\":\"https:\\\/\\\/www.boatsibiza.com\\\/es\\\/quienes-somos\\\/#primaryimage\"},\"image\":{\"@id\":\"https:\\\/\\\/www.boatsibiza.com\\\/es\\\/quienes-somos\\\/#primaryimage\"},\"thumbnailUrl\":\"https:\\\/\\\/www.boatsibiza.com\\\/wp-content\\\/uploads\\\/2016\\\/11\\\/neil-resized.jpg\",\"datePublished\":\"2019-04-13T17:20:04+00:00\",\"dateModified\":\"2019-04-14T18:22:53+00:00\",\"description\":\"Sobre Barcos Ibiza | Elecci\u00f3n, flexibilidad, personal experto e inmejorable valor dentro del mercado de alquiler de barcos en Ibiza y Formentera.\",\"breadcrumb\":{\"@id\":\"https:\\\/\\\/www.boatsibiza.com\\\/es\\\/quienes-somos\\\/#breadcrumb\"},\"inLanguage\":\"es\",\"potentialAction\":[{\"@type\":\"ReadAction\",\"target\":[\"https:\\\/\\\/www.boatsibiza.com\\\/es\\\/quienes-somos\\\/\"]}]},{\"@type\":\"ImageObject\",\"inLanguage\":\"es\",\"@id\":\"https:\\\/\\\/www.boatsibiza.com\\\/es\\\/quienes-somos\\\/#primaryimage\",\"url\":\"https:\\\/\\\/www.boatsibiza.com\\\/wp-content\\\/uploads\\\/2016\\\/11\\\/neil-resized.jpg\",\"contentUrl\":\"https:\\\/\\\/www.boatsibiza.com\\\/wp-content\\\/uploads\\\/2016\\\/11\\\/neil-resized.jpg\"},{\"@type\":\"BreadcrumbList\",\"@id\":\"https:\\\/\\\/www.boatsibiza.com\\\/es\\\/quienes-somos\\\/#breadcrumb\",\"itemListElement\":[{\"@type\":\"ListItem\",\"position\":1,\"name\":\"Home\",\"item\":\"https:\\\/\\\/www.boatsibiza.com\\\/es\\\/\"},{\"@type\":\"ListItem\",\"position\":2,\"name\":\"Quienes somos\"}]},{\"@type\":\"WebSite\",\"@id\":\"https:\\\/\\\/www.boatsibiza.com\\\/#website\",\"url\":\"https:\\\/\\\/www.boatsibiza.com\\\/\",\"name\":\"Boats Ibiza\",\"description\":\"Boat hire &amp; yacht rental in Ibiza\",\"potentialAction\":[{\"@type\":\"SearchAction\",\"target\":{\"@type\":\"EntryPoint\",\"urlTemplate\":\"https:\\\/\\\/www.boatsibiza.com\\\/?s={search_term_string}\"},\"query-input\":{\"@type\":\"PropertyValueSpecification\",\"valueRequired\":true,\"valueName\":\"search_term_string\"}}],\"inLanguage\":\"es\"}]}<\/script>\n<!-- \/ Yoast SEO plugin. -->","yoast_head_json":{"title":"Quienes somos &#187; Boats Ibiza","description":"Sobre Barcos Ibiza | Elecci\u00f3n, flexibilidad, personal experto e inmejorable valor dentro del mercado de alquiler de barcos en Ibiza y Formentera.","robots":{"index":"index","follow":"follow","max-snippet":"max-snippet:-1","max-image-preview":"max-image-preview:large","max-video-preview":"max-video-preview:-1"},"canonical":"https:\/\/www.boatsibiza.com\/es\/quienes-somos\/","og_locale":"es_ES","og_type":"article","og_title":"Quienes somos &#187; Boats Ibiza","og_description":"Sobre Barcos Ibiza | Elecci\u00f3n, flexibilidad, personal experto e inmejorable valor dentro del mercado de alquiler de barcos en Ibiza y Formentera.","og_url":"https:\/\/www.boatsibiza.com\/es\/quienes-somos\/","og_site_name":"Boats Ibiza","article_publisher":"https:\/\/www.facebook.com\/Boats-Ibiza-92351586938\/","article_modified_time":"2019-04-14T18:22:53+00:00","og_image":[{"url":"https:\/\/www.boatsibiza.com\/wp-content\/uploads\/2016\/11\/fullsizeoutput_10-1024x683.jpeg","type":"","width":"","height":""}],"twitter_card":"summary_large_image","twitter_site":"@boatsibiza","twitter_misc":{"Tiempo de lectura":"3 minutos"},"schema":{"@context":"https:\/\/schema.org","@graph":[{"@type":"WebPage","@id":"https:\/\/www.boatsibiza.com\/es\/quienes-somos\/","url":"https:\/\/www.boatsibiza.com\/es\/quienes-somos\/","name":"Quienes somos &#187; Boats Ibiza","isPartOf":{"@id":"https:\/\/www.boatsibiza.com\/#website"},"primaryImageOfPage":{"@id":"https:\/\/www.boatsibiza.com\/es\/quienes-somos\/#primaryimage"},"image":{"@id":"https:\/\/www.boatsibiza.com\/es\/quienes-somos\/#primaryimage"},"thumbnailUrl":"https:\/\/www.boatsibiza.com\/wp-content\/uploads\/2016\/11\/neil-resized.jpg","datePublished":"2019-04-13T17:20:04+00:00","dateModified":"2019-04-14T18:22:53+00:00","description":"Sobre Barcos Ibiza | Elecci\u00f3n, flexibilidad, personal experto e inmejorable valor dentro del mercado de alquiler de barcos en Ibiza y Formentera.","breadcrumb":{"@id":"https:\/\/www.boatsibiza.com\/es\/quienes-somos\/#breadcrumb"},"inLanguage":"es","potentialAction":[{"@type":"ReadAction","target":["https:\/\/www.boatsibiza.com\/es\/quienes-somos\/"]}]},{"@type":"ImageObject","inLanguage":"es","@id":"https:\/\/www.boatsibiza.com\/es\/quienes-somos\/#primaryimage","url":"https:\/\/www.boatsibiza.com\/wp-content\/uploads\/2016\/11\/neil-resized.jpg","contentUrl":"https:\/\/www.boatsibiza.com\/wp-content\/uploads\/2016\/11\/neil-resized.jpg"},{"@type":"BreadcrumbList","@id":"https:\/\/www.boatsibiza.com\/es\/quienes-somos\/#breadcrumb","itemListElement":[{"@type":"ListItem","position":1,"name":"Home","item":"https:\/\/www.boatsibiza.com\/es\/"},{"@type":"ListItem","position":2,"name":"Quienes somos"}]},{"@type":"WebSite","@id":"https:\/\/www.boatsibiza.com\/#website","url":"https:\/\/www.boatsibiza.com\/","name":"Boats Ibiza","description":"Boat hire &amp; yacht rental in Ibiza","potentialAction":[{"@type":"SearchAction","target":{"@type":"EntryPoint","urlTemplate":"https:\/\/www.boatsibiza.com\/?s={search_term_string}"},"query-input":{"@type":"PropertyValueSpecification","valueRequired":true,"valueName":"search_term_string"}}],"inLanguage":"es"}]}},"_links":{"self":[{"href":"https:\/\/www.boatsibiza.com\/es\/wp-json\/wp\/v2\/pages\/7039","targetHints":{"allow":["GET"]}}],"collection":[{"href":"https:\/\/www.boatsibiza.com\/es\/wp-json\/wp\/v2\/pages"}],"about":[{"href":"https:\/\/www.boatsibiza.com\/es\/wp-json\/wp\/v2\/types\/page"}],"author":[{"embeddable":true,"href":"https:\/\/www.boatsibiza.com\/es\/wp-json\/wp\/v2\/users\/3"}],"replies":[{"embeddable":true,"href":"https:\/\/www.boatsibiza.com\/es\/wp-json\/wp\/v2\/comments?post=7039"}],"version-history":[{"count":0,"href":"https:\/\/www.boatsibiza.com\/es\/wp-json\/wp\/v2\/pages\/7039\/revisions"}],"wp:attachment":[{"href":"https:\/\/www.boatsibiza.com\/es\/wp-json\/wp\/v2\/media?parent=7039"}],"curies":[{"name":"wp","href":"https:\/\/api.w.org\/{rel}","templated":true}]}}