{"id":7045,"date":"2019-04-13T17:36:58","date_gmt":"2019-04-13T17:36:58","guid":{"rendered":"https:\/\/www.boatsibiza.com\/preguntas-mas-frecuentes\/"},"modified":"2019-04-13T17:36:58","modified_gmt":"2019-04-13T17:36:58","slug":"preguntas-mas-frecuentes","status":"publish","type":"page","link":"https:\/\/www.boatsibiza.com\/es\/preguntas-mas-frecuentes\/","title":{"rendered":"Preguntas m\u00e1s frecuentes"},"content":{"rendered":"<ol>\n\u00a0<\/p>\n<li> <strong> Si deseo consultar sobre la contrataci\u00f3n de un barco, \u00bfqu\u00e9 informaci\u00f3n necesit\u00e1is? <\/strong> Mientras mas mejor: cantidad de personas en su grupo, presupuesto disponible, fecha, evento y tipo de barco preferido, si corresponde. <\/li>\n<p>\u00a0<\/p>\n<li> <strong> He buscado en su sitio web, pero no estoy seguro de qu\u00e9 barco elegir. \u00a1\u00a1AYUDA !! <\/strong> Lo primero que debes considerar es tu presupuesto. S\u00e9 realista con esto. Lo segundo es la capacidad de los barcos. <\/li>\n<p>\u00a0<\/p>\n<li><strong> <strong> He encontrado un barco que me gusta, pero no es lo suficientemente grande para acomodar al grupo. He visto sus opciones m\u00e1s grandes, \u00a1pero parecen demasiado grandes! <\/strong> <\/strong> &nbsp;\n<p>La soluci\u00f3n a esto es sacar dos barcos m\u00e1s peque\u00f1os en t\u00e1ndem. Nuestras opciones populares son los 2 barcos Rinker Sports para 18 personas. o el Sunseeker Camargue + Rinker que tiene capacidad para hasta 21 invitados. Cuando los barcos salen en t\u00e1ndem, est\u00e1n juntos en todo momento (excepto cuando se mueven de un lugar a otro) para que el grupo nunca se separe. Esta es una gran combinaci\u00f3n, ya que a menudo nos encontramos grupos m\u00e1s grandes donde las personas prefieren hacer cosas diferentes. Este paquete permite que un barco sea usado para el wakeboard \/ esqu\u00ed acu\u00e1tico \/ donut inflable y el otro para relajarse. El grupo es libre de intercambiar entre los barcos como lo deseen. <\/li>\n<p>\u00a0<\/p>\n<li><strong> <strong> El barco que queremos no tiene el tama\u00f1o de su grupo, \u00bfhay alguna manera de ampliar la capacidad de los barcos? <\/strong> <\/strong> &nbsp;\n<p>Todos nuestros barcos tienen una licencia estricta, por lo que solo es posible permitir la cantidad indicada de personas a bordo, \u00bfla soluci\u00f3n? Puede contratar otro barco para ir en t\u00e1ndem con su barco elegido, lo que permite hu\u00e9spedes adicionales. <\/li>\n<p>\u00a0<\/p>\n<li><strong> <strong> \u00bfPuede acomodar familias \/ grupos con ni\u00f1os? <\/strong> <\/strong> &amp; nbsp;\n<p>S\u00ed. Los ni\u00f1os encuentran la experiencia emocionante y muy divertida (<a href=\"\/what-they-say\/\"> vea los testimonios <\/a>). Adem\u00e1s, todas nuestras embarcaciones est\u00e1n totalmente equipadas con chalecos salvavidas para ni\u00f1os. Para los ni\u00f1os peque\u00f1os, recomendamos que sean supervisados \u200b\u200buno a uno por un adulto. <\/li>\n<p>\u00a0<\/p>\n<li><strong> <strong> \u00bfPodemos alquilar un barco sin un capit\u00e1n? <\/strong> <\/strong> &amp; nbsp;\n<p>S\u00ed. Algunas lanchas r\u00e1pidas peque\u00f1as est\u00e1n disponibles para los skippers debidamente cualificados. <\/li>\n<p>\u00a0<\/p>\n<li> <strong> \u00bfSe puede organizar el transporte hacia \/ desde mi bar de playa o evento de restaurante? <\/strong> S\u00ed. Es posible contratar un taxi acu\u00e1tico en lugar de alquilar un barco por el d\u00eda. Este servicio r\u00e1pido y eficiente lo lleva a su destino con estilo. <\/li>\n<p>\u00a0<\/p>\n<li> <strong> \u00bfQu\u00e9 se incluye en el precio indicado en el sitio web? <\/strong> Cada p\u00e1gina de barco en nuestro sitio web y la informaci\u00f3n que le enviamos por correo electr\u00f3nico explica qu\u00e9 se incluye en el precio, si tiene alguna duda, por favor no dude en preguntar. <\/li>\n<p>\u00a0<\/p>\n<li> <strong> \u00bfA qu\u00e9 hora comienza nuestro viaje? <\/strong> Las horas de inicio para los d\u00edas completos se solicitan, aunque generalmente entre las 10 am y las 1 pm. A menos que se diga lo contrario. Algunos barcos ofrecen varias horas de inicio. es decir, el barco deportivo Rinker y los catamaranes. Consulte las p\u00e1ginas individuales del barco para obtener esta informaci\u00f3n. <\/li>\n<p>\u00a0<\/p>\n<li> <strong> \u00bfPodemos pagar m\u00e1s para prolongar nuestro viaje? <\/strong> S\u00ed, siempre que sea posible, somos flexibles. Por favor, cont\u00e1ctenos para discutir sus requisitos individuales. <\/li>\n<p>\u00a0<\/p>\n<li> <strong> Queremos que nuestro barco nos recoja desde una ubicaci\u00f3n diferente, \u00bfes esto posible? <\/strong> S\u00ed, sin embargo, a veces no es el momento o el costo de reubicar un barco desde su amarre. Las circunstancias son diferentes para cada embarcaci\u00f3n, as\u00ed que pregunte. <\/li>\n<p>\u00a0<\/p>\n<li> <strong> Si nuestro viaje es de 8 horas, \u00bfdebemos pagar 8 horas de combustible? <\/strong> No. Los cargos por combustible solo se acumulan cuando el motor est\u00e1 en marcha. <\/li>\n<p>\u00a0<\/p>\n<li> <strong> \u00bfD\u00f3nde podemos ir, qu\u00e9 podemos hacer a bordo? <\/strong> Un t\u00edpico d\u00eda de viaje en uno de nuestros c\u00f3modos y modernos barcos puede incluir muchas actividades, nuestro capit\u00e1n adaptar\u00e1 el d\u00eda a sus preferencias.\n<p>Para aquellos que alquilan deportes acu\u00e1ticos \/ lanchas r\u00e1pidas y desean una inyecci\u00f3n de adrenalina en su viaje en barco por Ibiza, nuestro instructor puede ense\u00f1ar wakeboarding y esqu\u00ed acu\u00e1tico \u00a1Pruebe el donut inflable!<\/p>\n<p>Aproveche nuestro equipo de snorkel y disfrute explorando las profundidades ocultas del glorioso mar Mediterr\u00e1neo y su colorida vida marina.<\/p>\n<p>Rel\u00e1jese y tome el sol, observando perezosamente el brillo del sol en el mar cristalino que lo rodea mientras disfruta de una bebida refrescante, o nade en una playa o cala virgen desierta.<\/p>\n<p>D\u00e9jese llevar a las cuevas e islas escondidas que pocos han visitado o a los m\u00edsticos monumentos de Ibiza, Es Vedra y Atlantis (consulte: Informaci\u00f3n de la isla).<\/p>\n<p>Para el almuerzo, \u00bfpor qu\u00e9 no parar en uno de los muchos chiringuitos o restaurantes hermosos (muchos de ellos cuentan con servicio de recogida al barco) o tal vez a bordo (solo en grandes barcos)?<\/p>\n<p>En un charter de d\u00eda completo, Boats Ibiza puede llevarlo a las impresionantes islas de Formentera y Es Palmador, una peque\u00f1a y paradis\u00edaca isla al norte de Formentera, que cuenta con ba\u00f1os de barro naturales con propiedades terap\u00e9uticas.<\/p>\n<p>Luego, para un final perfecto para un d\u00eda perfecto, disfrute de unas cuantas cervezas, una botella de vino o champ\u00e1n anclada entre los ricos y famosos, fuera de Mambo&#8217;s y Caf\u00e9 Del Mar, (o si prefiere un ambiente m\u00e1s privado, le sugerimos un lugar apartado) viendo la legendaria puesta de sol de Ibiza. <\/li>\n<p>\u00a0<\/p>\n<li> <strong> Preferimos traer nuestra propia m\u00fasica, \u00bfpodemos traer la nuestra y podremos conectar cualquier dispositivo? <\/strong> S\u00ed, todos nuestros barcos tienen cables AUX que le permiten conectar cualquier dispositivo a nuestros sistemas de sonido. <\/li>\n<p>\u00a0<\/p>\n<li> <strong> \u00bfLas bebidas son ilimitadas en todos los barcos? <\/strong> No. Por favor, consulte \u00abprecio incluye\u00bb en la p\u00e1gina del barco individual. Algunos barcos ofrecen bebidas de cortes\u00eda, mientras que otros tienen paquetes de bebidas o bar de pago. Si no est\u00e1s seguro, pregunta. <\/li>\n<p>\u00a0<\/p>\n<li> <strong> \u00bfPodemos llevar nuestras bebidas a bordo? <\/strong> En muchos de nuestros barcos es posible, aunque siempre pregunte con anticipaci\u00f3n para estar seguro. <\/li>\n<p>\u00a0<\/p>\n<li> <strong> \u00bfPodemos llevar comida en el barco? <\/strong> Encontramos que en lugar de tener el inconveniente de preparar y transportar su propia comida, muchas personas prefieren disfrutar de un almuerzo relajado fuera del barco en uno de los muchos excelentes chiringuitos y restaurantes a lo largo del camino, que satisfacen una amplia gama de gustos y presupuestos. Teniendo esto en cuenta, junto con la disponibilidad variable de espacio de almacenamiento a bordo, recomendamos encarecidamente a nuestros hu\u00e9spedes que eviten traer su propia comida. <\/li>\n<p>\u00a0<\/p>\n<li> <strong> \u00bfPuede organizar comidas a bordo para grupos grandes? <\/strong> S\u00ed. Podemos proporcionar un paquete completo para todo, desde aperitivos hasta verdaderos banquetes a precios muy competitivos. P\u00f3ngase en contacto con nosotros para obtener m\u00e1s informaci\u00f3n sobre los men\u00fas. <\/li>\n<p>\u00a0<\/p>\n<li> <strong> \u00bfPodemos pedir Champage \/ Prosecco \/ Cava? \u00a1Es una ocasi\u00f3n especial! <\/strong> S\u00ed. Podemos proporcionar todo a precio de costo. <\/li>\n<p>\u00a0<\/p>\n<li> <strong> \u00bfQu\u00e9 dep\u00f3sito debo pagar para garantizar mi reserva? <\/strong> Requerimos el 50% del monto total por un d\u00eda completo, pagadero por transferencia bancaria para confirmar su reserva. <\/li>\n<p>\u00a0<\/p>\n<li> <strong> \u00bfPodemos pagar el dep\u00f3sito con tarjeta de cr\u00e9dito? <\/strong> S\u00ed, aceptamos todas las tarjetas excepto AMEX. Tambi\u00e9n se aplica una tarifa de 2.75%. <\/li>\n<p>\u00a0<\/p>\n<li> <strong> \u00bfCon cu\u00e1nta anticipaci\u00f3n debemos reservar? <\/strong> Con la mayor anticipaci\u00f3n posible para evitar decepciones, especialmente en temporada alta, cuando la demanda es particularmente alta y ya hay muchas reservas confirmadas. Recordamos a los hu\u00e9spedes que hasta que no se reciba un dep\u00f3sito en nuestras cuentas, la reserva no se confirma y se puede perder. Por lo general, requerimos que el dep\u00f3sito se pague a m\u00e1s tardar una semana despu\u00e9s de realizada la reserva. <\/li>\n<p>\u00a0<\/p>\n<li> <strong> \u00bfQu\u00e9 pasa si queremos hacer una reserva de \u00faltima hora? <\/strong> A veces podemos aceptar reservas de \u00faltima hora. Llame al +34 663745520 para conocer la disponibilidad y los detalles. <\/li>\n<p>\u00a0<\/p>\n<li> <strong> \u00bfQu\u00e9 sucede si nuestro viaje no puede seguir adelante debido al mal tiempo? <\/strong> En este improbable caso, intentaremos reprogramar el d\u00eda a su conveniencia. Si esto es imposible, recibir\u00e1s un reembolso. <\/li>\n<\/ol>\n","protected":false},"excerpt":{"rendered":"<p>\u00a0 Si deseo consultar sobre la contrataci\u00f3n de un barco, \u00bfqu\u00e9 informaci\u00f3n necesit\u00e1is? Mientras mas mejor: cantidad de personas en su grupo, presupuesto disponible, fecha, evento y tipo de barco preferido, si corresponde. \u00a0 He buscado en su sitio web, pero no estoy seguro de qu\u00e9 barco elegir. \u00a1\u00a1AYUDA !! Lo primero que debes considerar<a class=\"excerpt-read-more\" href=\"https:\/\/www.boatsibiza.com\/es\/preguntas-mas-frecuentes\/\" title=\"LeePreguntas m\u00e1s frecuentes\">&#8230; Read more &raquo;<\/a><\/p>\n","protected":false},"author":3,"featured_media":0,"parent":0,"menu_order":0,"comment_status":"closed","ping_status":"closed","template":"template-about-pages.php","meta":{"_acf_changed":false,"footnotes":""},"class_list":["post-7045","page","type-page","status-publish","hentry"],"acf":[],"yoast_head":"<!-- This site is optimized with the Yoast SEO plugin v27.6 - https:\/\/yoast.com\/product\/yoast-seo-wordpress\/ -->\n<title>Preguntas m\u00e1s frecuentes &#187; Boats Ibiza<\/title>\n<meta name=\"robots\" content=\"index, follow, max-snippet:-1, max-image-preview:large, max-video-preview:-1\" \/>\n<link rel=\"canonical\" href=\"https:\/\/www.boatsibiza.com\/es\/preguntas-mas-frecuentes\/\" \/>\n<meta property=\"og:locale\" content=\"es_ES\" \/>\n<meta property=\"og:type\" content=\"article\" \/>\n<meta property=\"og:title\" content=\"Preguntas m\u00e1s frecuentes &#187; Boats Ibiza\" \/>\n<meta property=\"og:description\" content=\"\u00a0 Si deseo consultar sobre la contrataci\u00f3n de un barco, \u00bfqu\u00e9 informaci\u00f3n necesit\u00e1is? Mientras mas mejor: cantidad de personas en su grupo, presupuesto disponible, fecha, evento y tipo de barco preferido, si corresponde. \u00a0 He buscado en su sitio web, pero no estoy seguro de qu\u00e9 barco elegir. \u00a1\u00a1AYUDA !! Lo primero que debes considerar... Read more &raquo;\" \/>\n<meta property=\"og:url\" content=\"https:\/\/www.boatsibiza.com\/es\/preguntas-mas-frecuentes\/\" \/>\n<meta property=\"og:site_name\" content=\"Boats Ibiza\" \/>\n<meta property=\"article:publisher\" content=\"https:\/\/www.facebook.com\/Boats-Ibiza-92351586938\/\" \/>\n<meta name=\"twitter:card\" content=\"summary_large_image\" \/>\n<meta name=\"twitter:site\" content=\"@boatsibiza\" \/>\n<meta name=\"twitter:label1\" content=\"Tiempo de lectura\" \/>\n\t<meta name=\"twitter:data1\" content=\"7 minutos\" \/>\n<script type=\"application\/ld+json\" class=\"yoast-schema-graph\">{\"@context\":\"https:\\\/\\\/schema.org\",\"@graph\":[{\"@type\":\"WebPage\",\"@id\":\"https:\\\/\\\/www.boatsibiza.com\\\/es\\\/preguntas-mas-frecuentes\\\/\",\"url\":\"https:\\\/\\\/www.boatsibiza.com\\\/es\\\/preguntas-mas-frecuentes\\\/\",\"name\":\"Preguntas m\u00e1s frecuentes &#187; Boats Ibiza\",\"isPartOf\":{\"@id\":\"https:\\\/\\\/www.boatsibiza.com\\\/#website\"},\"datePublished\":\"2019-04-13T17:36:58+00:00\",\"breadcrumb\":{\"@id\":\"https:\\\/\\\/www.boatsibiza.com\\\/es\\\/preguntas-mas-frecuentes\\\/#breadcrumb\"},\"inLanguage\":\"es\",\"potentialAction\":[{\"@type\":\"ReadAction\",\"target\":[\"https:\\\/\\\/www.boatsibiza.com\\\/es\\\/preguntas-mas-frecuentes\\\/\"]}]},{\"@type\":\"BreadcrumbList\",\"@id\":\"https:\\\/\\\/www.boatsibiza.com\\\/es\\\/preguntas-mas-frecuentes\\\/#breadcrumb\",\"itemListElement\":[{\"@type\":\"ListItem\",\"position\":1,\"name\":\"Home\",\"item\":\"https:\\\/\\\/www.boatsibiza.com\\\/es\\\/\"},{\"@type\":\"ListItem\",\"position\":2,\"name\":\"Preguntas m\u00e1s frecuentes\"}]},{\"@type\":\"WebSite\",\"@id\":\"https:\\\/\\\/www.boatsibiza.com\\\/#website\",\"url\":\"https:\\\/\\\/www.boatsibiza.com\\\/\",\"name\":\"Boats Ibiza\",\"description\":\"Boat hire &amp; yacht rental in Ibiza\",\"potentialAction\":[{\"@type\":\"SearchAction\",\"target\":{\"@type\":\"EntryPoint\",\"urlTemplate\":\"https:\\\/\\\/www.boatsibiza.com\\\/?s={search_term_string}\"},\"query-input\":{\"@type\":\"PropertyValueSpecification\",\"valueRequired\":true,\"valueName\":\"search_term_string\"}}],\"inLanguage\":\"es\"}]}<\/script>\n<!-- \/ Yoast SEO plugin. -->","yoast_head_json":{"title":"Preguntas m\u00e1s frecuentes &#187; Boats Ibiza","robots":{"index":"index","follow":"follow","max-snippet":"max-snippet:-1","max-image-preview":"max-image-preview:large","max-video-preview":"max-video-preview:-1"},"canonical":"https:\/\/www.boatsibiza.com\/es\/preguntas-mas-frecuentes\/","og_locale":"es_ES","og_type":"article","og_title":"Preguntas m\u00e1s frecuentes &#187; Boats Ibiza","og_description":"\u00a0 Si deseo consultar sobre la contrataci\u00f3n de un barco, \u00bfqu\u00e9 informaci\u00f3n necesit\u00e1is? Mientras mas mejor: cantidad de personas en su grupo, presupuesto disponible, fecha, evento y tipo de barco preferido, si corresponde. \u00a0 He buscado en su sitio web, pero no estoy seguro de qu\u00e9 barco elegir. \u00a1\u00a1AYUDA !! Lo primero que debes considerar... Read more &raquo;","og_url":"https:\/\/www.boatsibiza.com\/es\/preguntas-mas-frecuentes\/","og_site_name":"Boats Ibiza","article_publisher":"https:\/\/www.facebook.com\/Boats-Ibiza-92351586938\/","twitter_card":"summary_large_image","twitter_site":"@boatsibiza","twitter_misc":{"Tiempo de lectura":"7 minutos"},"schema":{"@context":"https:\/\/schema.org","@graph":[{"@type":"WebPage","@id":"https:\/\/www.boatsibiza.com\/es\/preguntas-mas-frecuentes\/","url":"https:\/\/www.boatsibiza.com\/es\/preguntas-mas-frecuentes\/","name":"Preguntas m\u00e1s frecuentes &#187; Boats Ibiza","isPartOf":{"@id":"https:\/\/www.boatsibiza.com\/#website"},"datePublished":"2019-04-13T17:36:58+00:00","breadcrumb":{"@id":"https:\/\/www.boatsibiza.com\/es\/preguntas-mas-frecuentes\/#breadcrumb"},"inLanguage":"es","potentialAction":[{"@type":"ReadAction","target":["https:\/\/www.boatsibiza.com\/es\/preguntas-mas-frecuentes\/"]}]},{"@type":"BreadcrumbList","@id":"https:\/\/www.boatsibiza.com\/es\/preguntas-mas-frecuentes\/#breadcrumb","itemListElement":[{"@type":"ListItem","position":1,"name":"Home","item":"https:\/\/www.boatsibiza.com\/es\/"},{"@type":"ListItem","position":2,"name":"Preguntas m\u00e1s frecuentes"}]},{"@type":"WebSite","@id":"https:\/\/www.boatsibiza.com\/#website","url":"https:\/\/www.boatsibiza.com\/","name":"Boats Ibiza","description":"Boat hire &amp; yacht rental in Ibiza","potentialAction":[{"@type":"SearchAction","target":{"@type":"EntryPoint","urlTemplate":"https:\/\/www.boatsibiza.com\/?s={search_term_string}"},"query-input":{"@type":"PropertyValueSpecification","valueRequired":true,"valueName":"search_term_string"}}],"inLanguage":"es"}]}},"_links":{"self":[{"href":"https:\/\/www.boatsibiza.com\/es\/wp-json\/wp\/v2\/pages\/7045","targetHints":{"allow":["GET"]}}],"collection":[{"href":"https:\/\/www.boatsibiza.com\/es\/wp-json\/wp\/v2\/pages"}],"about":[{"href":"https:\/\/www.boatsibiza.com\/es\/wp-json\/wp\/v2\/types\/page"}],"author":[{"embeddable":true,"href":"https:\/\/www.boatsibiza.com\/es\/wp-json\/wp\/v2\/users\/3"}],"replies":[{"embeddable":true,"href":"https:\/\/www.boatsibiza.com\/es\/wp-json\/wp\/v2\/comments?post=7045"}],"version-history":[{"count":0,"href":"https:\/\/www.boatsibiza.com\/es\/wp-json\/wp\/v2\/pages\/7045\/revisions"}],"wp:attachment":[{"href":"https:\/\/www.boatsibiza.com\/es\/wp-json\/wp\/v2\/media?parent=7045"}],"curies":[{"name":"wp","href":"https:\/\/api.w.org\/{rel}","templated":true}]}}